{"id":7252,"date":"2017-11-15T17:43:36","date_gmt":"2017-11-15T17:43:36","guid":{"rendered":"http:\/\/www.motivait.net\/?page_id=7252"},"modified":"2022-09-07T11:03:34","modified_gmt":"2022-09-07T10:03:34","slug":"video-el-proyecto-educativo","status":"publish","type":"page","link":"https:\/\/www.motivait.net\/es\/recursos\/video-el-proyecto-educativo\/","title":{"rendered":"Video: El proyecto educativo"},"content":{"rendered":"<\/div><\/div><\/div><!-- close content main div --><\/div><\/div><div id='av_section_1' class='avia-section main_color avia-section-default avia-no-shadow avia-bg-style-scroll   container_wrap sidebar_right' style = 'background-image: '  ><div class='container' ><div class='template-page content  av-content-small alpha units'><div class='post-entry post-entry-type-page post-entry-7252'><div class='entry-content-wrapper clearfix'>\n<div class='avia-video avia-video-16-9   av-lazyload-immediate  av-lazyload-video-embed  '   itemprop=\"video\" itemtype=\"https:\/\/schema.org\/VideoObject\"  data-original_url='https:\/\/www.youtube.com\/embed\/orET6T9_MIA' ><script type='text\/html' class='av-video-tmpl'><div class='avia-iframe-wrap'><iframe loading=\"lazy\" width=\"1500\" height=\"844\" src=\"https:\/\/www.youtube.com\/embed\/orET6T9_MIA?feature=oembed\" frameborder=\"0\" gesture=\"media\" allowfullscreen><\/iframe><\/div><\/script><div class='av-click-to-play-overlay'><div class=\"avia_playpause_icon\"><\/div><\/div><\/div>\n<div style='padding-bottom:10px; ' class='av-special-heading av-special-heading-h1  blockquote modern-quote modern-centered   '><h1 class='av-special-heading-tag '  itemprop=\"headline\"  >El proyecto educativo<\/h1><div class='special-heading-border'><div class='special-heading-inner-border' ><\/div><\/div><\/div>\n<section class=\"av_textblock_section \"  itemscope=\"itemscope\" itemtype=\"https:\/\/schema.org\/CreativeWork\" ><div class='avia_textblock  '   itemprop=\"text\" ><p>Los ni\u00f1os y profesores del colegio Naciones Unidas cuentan c\u00f3mo vivieron la experiencia y los resultados conseguidos gracias a una estrategia de motivaci\u00f3n, dise\u00f1o creativo, narrativa y gamificaci\u00f3n acertada. Ana Fern\u00e1ndez, tutora de 4\u00ba de primaria valora los cambios conceptuales y de comportamiento conseguidos. \u201cTodos sab\u00edan c\u00f3mo utilizar lo mejor de s\u00ed mismos\u201d.<\/p>\n<\/div><\/section>\n<\/div><\/div><\/div><!-- close content main div --><\/div><\/div><div id='after_section_1' class='main_color av_default_container_wrap container_wrap sidebar_right'   ><div class='container' ><div class='template-page content  av-content-small alpha units'><div class='post-entry post-entry-type-page post-entry-7252'><div class='entry-content-wrapper clearfix'><\/div><\/div><\/div><!-- close content main div --><\/div><\/div><div id='av_section_2' class='avia-section main_color avia-section-large avia-no-border-styling av-section-color-overlay-active avia-bg-style-scroll   container_wrap sidebar_right' style = 'background-color: #eff2f4; background-image: '  ><div class='av-section-color-overlay-wrap'><div class='av-section-color-overlay' style='opacity: 0.5; background-color: #ffffff; '><\/div><div class='container' ><div class='template-page content  av-content-small alpha units'><div class='post-entry post-entry-type-page post-entry-7252'><div class='entry-content-wrapper clearfix'>\n<div class=\"flex_column av_one_fifth  flex_column_div first  \" ><\/div><div class=\"flex_column av_three_fifth  flex_column_div av-zero-column-padding   \" style='border-radius:0px; '><div style='padding-bottom:0px; font-size:26px;' class='av-special-heading av-special-heading-h6  blockquote modern-quote modern-centered   av-inherit-size '><h6 class='av-special-heading-tag '  itemprop=\"headline\"  >Contenido relacionado<\/h6><div class='special-heading-border'><div class='special-heading-inner-border' ><\/div><\/div><\/div><\/div><div class=\"flex_column av_one_fifth  flex_column_div av-zero-column-padding   \" style='border-radius:0px; '><\/div><div class=\"flex_column av_one_fourth  flex_column_div av-zero-column-padding first  \" style='border-radius:0px; '><p><div class='avia-image-container  av-styling-    avia-align-center '  itemprop=\"ImageObject\" itemscope=\"itemscope\" itemtype=\"https:\/\/schema.org\/ImageObject\"  ><div class='avia-image-container-inner'><div class='avia-image-overlay-wrap'><a href='http:\/\/www.motivait.net\/es\/resources\/case-study-sobre-tecnologia-para-una-educacion-inteligente\/' class='avia_image'  ><img class='avia_image lazyload' data-src='https:\/\/www.motivait.net\/wp-content\/uploads\/2017\/11\/tir-casestudy.jpeg' alt='' title='tir-casestudy'  itemprop=\"thumbnailUrl\" src=\"data:image\/gif;base64,R0lGODlhAQABAAAAACH5BAEKAAEALAAAAAABAAEAAAICTAEAOw==\" style=\"--smush-placeholder-width: 960px; --smush-placeholder-aspect-ratio: 960\/540;\" \/><noscript><img class='avia_image ' src='https:\/\/www.motivait.net\/wp-content\/uploads\/2017\/11\/tir-casestudy.jpeg' alt='' title='tir-casestudy'  itemprop=\"thumbnailUrl\"  \/><\/noscript><\/a><\/div><\/div><\/div><br \/>\n<div style='padding-bottom:10px; font-size:20px;' class='av-special-heading av-special-heading-h5  blockquote modern-quote  av-inherit-size '><h5 class='av-special-heading-tag '  itemprop=\"headline\"  >La experiencia paso a paso<\/h5><div class='special-heading-border'><div class='special-heading-inner-border' ><\/div><\/div><\/div><br \/>\n<section class=\"av_textblock_section \"  itemscope=\"itemscope\" itemtype=\"https:\/\/schema.org\/CreativeWork\" ><div class='avia_textblock  '  style='font-size:13px; '  itemprop=\"text\" ><p>Este resumen recoge c\u00f3mo se plantearon los retos y misiones, cu\u00e1les fueron los objetivos principales, el enfoque psicol\u00f3gico aplicado y las conclusiones finales.<\/p>\n<\/div><\/section><\/p><\/div><div class=\"flex_column av_one_fourth  flex_column_div av-zero-column-padding   \" style='border-radius:0px; '><p><div class='avia-image-container  av-styling-    avia-align-center '  itemprop=\"ImageObject\" itemscope=\"itemscope\" itemtype=\"https:\/\/schema.org\/ImageObject\"  ><div class='avia-image-container-inner'><div class='avia-image-overlay-wrap'><a href='http:\/\/www.motivait.net\/es\/resources\/video-la-leyenda-de-tir-na-nog\/' class='avia_image'  ><img class='avia_image lazyload' data-src='https:\/\/www.motivait.net\/wp-content\/uploads\/2017\/11\/video-Tir-Trailer.jpeg' alt='' title='video-Tir-Trailer'  itemprop=\"thumbnailUrl\" src=\"data:image\/gif;base64,R0lGODlhAQABAAAAACH5BAEKAAEALAAAAAABAAEAAAICTAEAOw==\" style=\"--smush-placeholder-width: 960px; --smush-placeholder-aspect-ratio: 960\/540;\" \/><noscript><img class='avia_image ' src='https:\/\/www.motivait.net\/wp-content\/uploads\/2017\/11\/video-Tir-Trailer.jpeg' alt='' title='video-Tir-Trailer'  itemprop=\"thumbnailUrl\"  \/><\/noscript><\/a><\/div><\/div><\/div><br \/>\n<div style='padding-bottom:10px; font-size:20px;' class='av-special-heading av-special-heading-h5  blockquote modern-quote   av-inherit-size '><h5 class='av-special-heading-tag '  itemprop=\"headline\"  >La leyenda de Tir na n\u00d3g<\/h5><div class='special-heading-border'><div class='special-heading-inner-border' ><\/div><\/div><\/div><br \/>\n<section class=\"av_textblock_section \"  itemscope=\"itemscope\" itemtype=\"https:\/\/schema.org\/CreativeWork\" ><div class='avia_textblock  '  style='font-size:13px; '  itemprop=\"text\" ><p>Una historia m\u00edtica que ayud\u00f3 a los ni\u00f1os a entender con facilidad conceptos matem\u00e1ticos, cambi\u00f3 su percepci\u00f3n de la materia y uni\u00f3 estrechamente a la clase en torno a un reto com\u00fan.<\/p>\n<\/div><\/section><\/p><\/div><div class=\"flex_column av_one_fourth  flex_column_div av-zero-column-padding   \" style='border-radius:0px; '><p><div class='avia-image-container  av-styling-    avia-align-center '  itemprop=\"ImageObject\" itemscope=\"itemscope\" itemtype=\"https:\/\/schema.org\/ImageObject\"  ><div class='avia-image-container-inner'><div class='avia-image-overlay-wrap'><a href='http:\/\/www.motivait.net\/es\/resources\/video-arnulf-se-despide-de-los-ninos\/' class='avia_image'  ><img class='avia_image lazyload' data-src='https:\/\/www.motivait.net\/wp-content\/uploads\/2017\/11\/video-Tir-mago.jpeg' alt='' title='video-Tir-mago'  itemprop=\"thumbnailUrl\" src=\"data:image\/gif;base64,R0lGODlhAQABAAAAACH5BAEKAAEALAAAAAABAAEAAAICTAEAOw==\" style=\"--smush-placeholder-width: 960px; --smush-placeholder-aspect-ratio: 960\/540;\" \/><noscript><img class='avia_image ' src='https:\/\/www.motivait.net\/wp-content\/uploads\/2017\/11\/video-Tir-mago.jpeg' alt='' title='video-Tir-mago'  itemprop=\"thumbnailUrl\"  \/><\/noscript><\/a><\/div><\/div><\/div><br \/>\n<div style='padding-bottom:10px; font-size:20px;' class='av-special-heading av-special-heading-h5  blockquote modern-quote  av-inherit-size '><h5 class='av-special-heading-tag '  itemprop=\"headline\"  >Arnulf se despide<\/h5><div class='special-heading-border'><div class='special-heading-inner-border' ><\/div><\/div><\/div><br \/>\n<section class=\"av_textblock_section \"  itemscope=\"itemscope\" itemtype=\"https:\/\/schema.org\/CreativeWork\" ><div class='avia_textblock  '  style='font-size:13px; '  itemprop=\"text\" ><p>Gracias a la perseverancia, tenacidad y trabajo en equipo los alumnos han superado todas las pruebas y han devuelto a Tir na n\u00d3g la paz y tranquilidad. El cofre eligi\u00f3 sabiamente.<\/p>\n<\/div><\/section><\/p><\/div><div class=\"flex_column av_one_fourth  flex_column_div av-zero-column-padding   \" style='border-radius:0px; '><p><div class='avia-image-container  av-styling-    avia-align-center '  itemprop=\"ImageObject\" itemscope=\"itemscope\" itemtype=\"https:\/\/schema.org\/ImageObject\"  ><div class='avia-image-container-inner'><div class='avia-image-overlay-wrap'><a href='http:\/\/www.motivait.net\/es\/2017\/10\/04\/tir-na-nog\/' class='avia_image'  ><img class='avia_image lazyload' data-src='https:\/\/www.motivait.net\/wp-content\/uploads\/2017\/11\/tir-blog.jpeg' alt='' title='tir-blog'  itemprop=\"thumbnailUrl\" src=\"data:image\/gif;base64,R0lGODlhAQABAAAAACH5BAEKAAEALAAAAAABAAEAAAICTAEAOw==\" style=\"--smush-placeholder-width: 960px; --smush-placeholder-aspect-ratio: 960\/540;\" \/><noscript><img class='avia_image ' src='https:\/\/www.motivait.net\/wp-content\/uploads\/2017\/11\/tir-blog.jpeg' alt='' title='tir-blog'  itemprop=\"thumbnailUrl\"  \/><\/noscript><\/a><\/div><\/div><\/div><br \/>\n<div style='padding-bottom:10px; font-size:20px;' class='av-special-heading av-special-heading-h5  blockquote modern-quote  av-inherit-size '><h5 class='av-special-heading-tag '  itemprop=\"headline\"  >El Blog<\/h5><div class='special-heading-border'><div class='special-heading-inner-border' ><\/div><\/div><\/div><br \/>\n<section class=\"av_textblock_section \"  itemscope=\"itemscope\" itemtype=\"https:\/\/schema.org\/CreativeWork\" ><div class='avia_textblock  '  style='font-size:13px; '  itemprop=\"text\" ><p>Una experiencia alucinante de gamificaci\u00f3n en las aulas: Sin esfuerzo aparente conocieron otra cara m\u00e1s amigable de las matem\u00e1ticas y su aplicaci\u00f3n a entornos pr\u00e1cticos m\u00e1s atractivos para ellos.<\/p>\n<\/div><\/section><\/p><\/div><\/div><\/div><\/div><!-- close content main div --><\/div><\/div><\/div><div id='after_section_2' class='main_color av_default_container_wrap container_wrap sidebar_right'   ><div class='container' ><div class='template-page content  av-content-small alpha units'><div class='post-entry post-entry-type-page post-entry-7252'><div class='entry-content-wrapper clearfix'>\n","protected":false},"excerpt":{"rendered":"","protected":false},"author":21,"featured_media":0,"parent":17161,"menu_order":0,"comment_status":"closed","ping_status":"closed","template":"","meta":{"inline_featured_image":false,"footnotes":""},"tags":[],"class_list":["post-7252","page","type-page","status-publish","hentry"],"yoast_head":"<!-- This site is optimized with the Yoast SEO plugin v22.5 - https:\/\/yoast.com\/wordpress\/plugins\/seo\/ -->\n<title>Video: El proyecto educativo - MOTIVAIT<\/title>\n<meta name=\"robots\" content=\"index, follow, max-snippet:-1, max-image-preview:large, max-video-preview:-1\" \/>\n<link rel=\"canonical\" href=\"https:\/\/www.motivait.net\/es\/recursos\/video-el-proyecto-educativo\/\" \/>\n<meta property=\"og:locale\" content=\"es_ES\" \/>\n<meta property=\"og:type\" content=\"article\" \/>\n<meta property=\"og:title\" content=\"Video: El proyecto educativo - MOTIVAIT\" \/>\n<meta property=\"og:url\" content=\"https:\/\/www.motivait.net\/es\/recursos\/video-el-proyecto-educativo\/\" \/>\n<meta property=\"og:site_name\" content=\"MOTIVAIT\" \/>\n<meta property=\"article:modified_time\" content=\"2022-09-07T10:03:34+00:00\" \/>\n<meta property=\"og:image\" content=\"https:\/\/www.motivait.net\/wp-content\/uploads\/2016\/10\/motivait-logo-web.png\" \/>\n\t<meta property=\"og:image:width\" content=\"909\" \/>\n\t<meta property=\"og:image:height\" content=\"341\" \/>\n\t<meta property=\"og:image:type\" content=\"image\/png\" \/>\n<meta name=\"twitter:card\" content=\"summary_large_image\" \/>\n<meta name=\"twitter:site\" content=\"@MotivaitHolding\" \/>\n<meta name=\"twitter:label1\" content=\"Tiempo de lectura\" \/>\n\t<meta name=\"twitter:data1\" content=\"6 minutos\" \/>\n<script type=\"application\/ld+json\" class=\"yoast-schema-graph\">{\"@context\":\"https:\/\/schema.org\",\"@graph\":[{\"@type\":\"WebPage\",\"@id\":\"https:\/\/www.motivait.net\/es\/recursos\/video-el-proyecto-educativo\/\",\"url\":\"https:\/\/www.motivait.net\/es\/recursos\/video-el-proyecto-educativo\/\",\"name\":\"Video: El proyecto educativo - MOTIVAIT\",\"isPartOf\":{\"@id\":\"https:\/\/www.motivait.net\/#website\"},\"datePublished\":\"2017-11-15T17:43:36+00:00\",\"dateModified\":\"2022-09-07T10:03:34+00:00\",\"breadcrumb\":{\"@id\":\"https:\/\/www.motivait.net\/es\/recursos\/video-el-proyecto-educativo\/#breadcrumb\"},\"inLanguage\":\"es\",\"potentialAction\":[{\"@type\":\"ReadAction\",\"target\":[\"https:\/\/www.motivait.net\/es\/recursos\/video-el-proyecto-educativo\/\"]}]},{\"@type\":\"BreadcrumbList\",\"@id\":\"https:\/\/www.motivait.net\/es\/recursos\/video-el-proyecto-educativo\/#breadcrumb\",\"itemListElement\":[{\"@type\":\"ListItem\",\"position\":1,\"name\":\"Home\",\"item\":\"https:\/\/www.motivait.net\/es\/\"},{\"@type\":\"ListItem\",\"position\":2,\"name\":\"Recursos\",\"item\":\"https:\/\/www.motivait.net\/es\/recursos\/\"},{\"@type\":\"ListItem\",\"position\":3,\"name\":\"Video: El proyecto educativo\"}]},{\"@type\":\"WebSite\",\"@id\":\"https:\/\/www.motivait.net\/#website\",\"url\":\"https:\/\/www.motivait.net\/\",\"name\":\"MOTIVAIT\",\"description\":\"An innovative it services company with a mission to enhance engagement &lt;br&gt; We design and deliver effective solutions that generate and encourage behaviours, establishing positive emotional bonds between people and organizations, employees and their work, customers and brands, students and their subjects, citizens and communities, and much more. We use fresh approaches that achieve tangible benefits and outcomes by increasing the motivation, participation &amp; commitment of both individuals and teams.\",\"potentialAction\":[{\"@type\":\"SearchAction\",\"target\":{\"@type\":\"EntryPoint\",\"urlTemplate\":\"https:\/\/www.motivait.net\/?s={search_term_string}\"},\"query-input\":\"required name=search_term_string\"}],\"inLanguage\":\"es\"}]}<\/script>\n<!-- \/ Yoast SEO plugin. -->","yoast_head_json":{"title":"Video: El proyecto educativo - MOTIVAIT","robots":{"index":"index","follow":"follow","max-snippet":"max-snippet:-1","max-image-preview":"max-image-preview:large","max-video-preview":"max-video-preview:-1"},"canonical":"https:\/\/www.motivait.net\/es\/recursos\/video-el-proyecto-educativo\/","og_locale":"es_ES","og_type":"article","og_title":"Video: El proyecto educativo - MOTIVAIT","og_url":"https:\/\/www.motivait.net\/es\/recursos\/video-el-proyecto-educativo\/","og_site_name":"MOTIVAIT","article_modified_time":"2022-09-07T10:03:34+00:00","og_image":[{"width":909,"height":341,"url":"https:\/\/www.motivait.net\/wp-content\/uploads\/2016\/10\/motivait-logo-web.png","type":"image\/png"}],"twitter_card":"summary_large_image","twitter_site":"@MotivaitHolding","twitter_misc":{"Tiempo de lectura":"6 minutos"},"schema":{"@context":"https:\/\/schema.org","@graph":[{"@type":"WebPage","@id":"https:\/\/www.motivait.net\/es\/recursos\/video-el-proyecto-educativo\/","url":"https:\/\/www.motivait.net\/es\/recursos\/video-el-proyecto-educativo\/","name":"Video: El proyecto educativo - MOTIVAIT","isPartOf":{"@id":"https:\/\/www.motivait.net\/#website"},"datePublished":"2017-11-15T17:43:36+00:00","dateModified":"2022-09-07T10:03:34+00:00","breadcrumb":{"@id":"https:\/\/www.motivait.net\/es\/recursos\/video-el-proyecto-educativo\/#breadcrumb"},"inLanguage":"es","potentialAction":[{"@type":"ReadAction","target":["https:\/\/www.motivait.net\/es\/recursos\/video-el-proyecto-educativo\/"]}]},{"@type":"BreadcrumbList","@id":"https:\/\/www.motivait.net\/es\/recursos\/video-el-proyecto-educativo\/#breadcrumb","itemListElement":[{"@type":"ListItem","position":1,"name":"Home","item":"https:\/\/www.motivait.net\/es\/"},{"@type":"ListItem","position":2,"name":"Recursos","item":"https:\/\/www.motivait.net\/es\/recursos\/"},{"@type":"ListItem","position":3,"name":"Video: El proyecto educativo"}]},{"@type":"WebSite","@id":"https:\/\/www.motivait.net\/#website","url":"https:\/\/www.motivait.net\/","name":"MOTIVAIT","description":"An innovative it services company with a mission to enhance engagement &lt;br&gt; We design and deliver effective solutions that generate and encourage behaviours, establishing positive emotional bonds between people and organizations, employees and their work, customers and brands, students and their subjects, citizens and communities, and much more. We use fresh approaches that achieve tangible benefits and outcomes by increasing the motivation, participation &amp; commitment of both individuals and teams.","potentialAction":[{"@type":"SearchAction","target":{"@type":"EntryPoint","urlTemplate":"https:\/\/www.motivait.net\/?s={search_term_string}"},"query-input":"required name=search_term_string"}],"inLanguage":"es"}]}},"_links":{"self":[{"href":"https:\/\/www.motivait.net\/es\/wp-json\/wp\/v2\/pages\/7252","targetHints":{"allow":["GET"]}}],"collection":[{"href":"https:\/\/www.motivait.net\/es\/wp-json\/wp\/v2\/pages"}],"about":[{"href":"https:\/\/www.motivait.net\/es\/wp-json\/wp\/v2\/types\/page"}],"author":[{"embeddable":true,"href":"https:\/\/www.motivait.net\/es\/wp-json\/wp\/v2\/users\/21"}],"replies":[{"embeddable":true,"href":"https:\/\/www.motivait.net\/es\/wp-json\/wp\/v2\/comments?post=7252"}],"version-history":[{"count":6,"href":"https:\/\/www.motivait.net\/es\/wp-json\/wp\/v2\/pages\/7252\/revisions"}],"predecessor-version":[{"id":8293,"href":"https:\/\/www.motivait.net\/es\/wp-json\/wp\/v2\/pages\/7252\/revisions\/8293"}],"up":[{"embeddable":true,"href":"https:\/\/www.motivait.net\/es\/wp-json\/wp\/v2\/pages\/17161"}],"wp:attachment":[{"href":"https:\/\/www.motivait.net\/es\/wp-json\/wp\/v2\/media?parent=7252"}],"wp:term":[{"taxonomy":"post_tag","embeddable":true,"href":"https:\/\/www.motivait.net\/es\/wp-json\/wp\/v2\/tags?post=7252"}],"curies":[{"name":"wp","href":"https:\/\/api.w.org\/{rel}","templated":true}]}}