{"id":6597,"date":"2016-10-26T19:07:11","date_gmt":"2016-10-26T17:07:11","guid":{"rendered":"http:\/\/www.motivait.net\/terms-of-use\/"},"modified":"2020-06-02T13:57:56","modified_gmt":"2020-06-02T12:57:56","slug":"informacion-legal","status":"publish","type":"page","link":"https:\/\/www.motivait.net\/es\/informacion-legal\/","title":{"rendered":"Informaci\u00f3n Legal"},"content":{"rendered":"<div class=\"flex_column av_one_full  flex_column_div av-zero-column-padding first  \" style='border-radius:0px; '><p><div style='height:20px' class='hr hr-invisible  av-small-hide av-mini-hide '><span class='hr-inner ' ><span class='hr-inner-style'><\/span><\/span><\/div><br \/>\n<div style='padding-bottom:10px; ' class='av-special-heading av-special-heading-h1    '><h1 class='av-special-heading-tag '  itemprop=\"headline\"  >Informaci\u00f3n Legal<\/h1><div class='special-heading-border'><div class='special-heading-inner-border' ><\/div><\/div><\/div><\/p><\/div><section class=\"av_textblock_section \"  itemscope=\"itemscope\" itemtype=\"https:\/\/schema.org\/CreativeWork\" ><div class='avia_textblock  '   itemprop=\"text\" ><h3>Aviso Legal<\/h3>\n<p>En cumplimiento del Cap\u00edtulo II de la ley 34\/2002, LSSICE, le informamos que la presente p\u00e1gina web es propiedad de Motivait Holding Limited que en Espa\u00f1a opera a trav\u00e9s de su empresa Motivait Solutions Sl con CIF B-87381273, domiciliada en Avda. de Bruselas, 13 edificio Am\u00e9rica, C.P. 28108 en Alcobendas, Madrid y, con tel\u00e9fono de contacto 900525699 y correo electr\u00f3nico dpo@motivait.net<\/p>\n<p>En adelante diremos Motivait cuando nos estemos refiriendo a Motivait Holding Limited o bien a cualquiera de sus empresas filiales Motivait Limited o Motivait Solutions S.L.<\/p>\n<p>Las presentes disposiciones tienen por objeto regular el acceso y la navegaci\u00f3n de esta p\u00e1gina web que Motivait pone a disposici\u00f3n de los usuarios de internet. El acceso a la misma supone la aceptaci\u00f3n sin reservas.<\/p>\n<p>Motivait se reserva el derecho a actualizar, modificar o eliminar la informaci\u00f3n contenida en su p\u00e1gina Web, pudiendo incluso limitar, o no permitir, a los usuarios el acceso a dicha informaci\u00f3n. Tampoco se podr\u00e1 garantizar la inexistencia de interrupciones o errores en el acceso a la p\u00e1gina web, ni que su contenido se encuentre actualizado, aunque realizar\u00e1 los mayores esfuerzos para evitar que se produzcan. Tanto el acceso a esta p\u00e1gina web como el uso que pueda hacerse de la informaci\u00f3n contenida en la misma es de la exclusiva responsabilidad de quien lo realiza. Por ello, Motivait no ser\u00e1 responsable de las consecuencias, da\u00f1os o perjuicios que puedan derivarse del acceso o del uso de la informaci\u00f3n. Tampoco ser\u00e1 responsable de los posibles errores de seguridad que se puedan producir ni de los da\u00f1os que puedan ocasionar al sistema inform\u00e1tico del usuario, los ficheros o documentos almacenados en el mismo, como consecuencia de la presencia de virus en el ordenador del usuario utilizado para la conexi\u00f3n a los servicios y contenidos de esta p\u00e1gina web, de un mal funcionamiento del navegador o del uso de versiones no actualizadas del mismo.<\/p>\n<p>Motivait no asume responsabilidad alguna por la informaci\u00f3n contenida en p\u00e1ginas Webs de terceros a las que se pueda acceder por \u00ablinks\u00bb o enlaces desde cualquier p\u00e1gina Web propiedad de Motivait, excluyendo cualquier responsabilidad por los da\u00f1os de cualquier clase causados al usuario por este motivo. La presencia de \u00ablinks\u00bb o enlaces en las p\u00e1ginas web de Motivait tiene la finalidad meramente informativa y en ning\u00fan caso supone sugerencia, invitaci\u00f3n o reconocimiento sobre los mismos.<\/p>\n<h3><strong>Pol\u00edtica de Privacidad<\/strong><\/h3>\n<p>Motivait se compromete a proteger y respetar su privacidad. Solo procesaremos sus datos personales cuando lo permita la ley de protecci\u00f3n de datos aplicable, incluido el Reglamento general de protecci\u00f3n de datos (UE) 2016\/679 (\u00abGDPR\u00bb). Esto establece la base sobre la cual procesaremos cualquier dato personal que recopilemos de usted o que nos proporcione. Lea atentamente lo siguiente para comprender nuestras opiniones y pr\u00e1cticas con respecto a sus datos personales y c\u00f3mo los trataremos.<\/p>\n<p>En Motivait aplicamos las medidas de seguridad necesarias para evitar la alteraci\u00f3n, p\u00e9rdida, tratamiento o acceso no autorizado de los datos personales, habida cuenta en todo momento del estado de la tecnolog\u00eda, tomamos todas las medidas necesarias para proteger sus datos y guardar total confidencialidad.<\/p>\n<p>Los datos que nos proporcionan son almacenados en nuestros servidores con total seguridad. De todas formas, el usuario debe ser consciente de que las medidas de seguridad en Internet no son inexpugnables.<\/p>\n<p>Somos respetuosos en todo caso con la voluntad de nuestros contactos en el tratamiento de su informaci\u00f3n.<br \/>\nEl usuario se hace responsable de la veracidad de la informaci\u00f3n que nos proporcione as\u00ed como de su actualizaci\u00f3n. Igualmente ser\u00e1 responsable de cualquier da\u00f1o o perjuicio que pudiera derivarse como consecuencia de que los datos facilitados sean falsos, inexactos o no se encuentren actualizados.<\/p>\n<p>Tal como exige el Reglamento 2016\/679 General de Protecci\u00f3n de Datos de la Uni\u00f3n Europea (RGPD) le informamos de:<\/p>\n<h5>1. Finalidad<\/h5>\n<p>S\u00f3lo solicitaremos la informaci\u00f3n imprescindible en cada momento para prestar nuestros servicios e informar de novedades y otros contenidos vinculados con nuestra especialidad que puedan ser del inter\u00e9s de nuestros clientes y contactos.<\/p>\n<h5>2. Base leg\u00edtima del tratamiento<\/h5>\n<p>Siempre recabaremos el consentimiento respetando la Ley y no utilizaremos dichos datos personales para fines distintos.<\/p>\n<h5>3. Tiempos de conservaci\u00f3n<\/h5>\n<p>Los datos de las consultas y contactos que recibamos a trav\u00e9s de la web los conservaremos durante el tiempo estrictamente necesario.<\/p>\n<p>Si pasa a ser cliente nuestro los conservaremos el tiempo establecido por ley.<\/p>\n<h5>4. Destinatarios<\/h5>\n<p>La informaci\u00f3n que usted nos facilita es estrictamente confidencial; \u00fanicamente podremos facilitar su informaci\u00f3n personal a alg\u00fan otro miembro de nuestro grupo de empresas. Esto incluye nuestras subsidiarias, nuestra compa\u00f1\u00eda holding y sus otras subsidiarias si las hubiera.<\/p>\n<h5>5. Derechos de los usuarios<\/h5>\n<p>El usuario puede ejercer sus derechos a ser informado y de acceso, modificaci\u00f3n, supresi\u00f3n, oposici\u00f3n, limitaci\u00f3n y portabilidad de sus datos en el correo electr\u00f3nico dpo@motivait.net, o por correo postal a Motivait Solutions SL, Avda. de Bruselas, 13 edificio Am\u00e9rica, C.P. 28108 en Alcobendas, Madrid.<\/p>\n<h3><strong>Propiedad Intelectual e Industrial<\/strong><\/h3>\n<p>Los derechos de propiedad intelectual del contenido de las p\u00e1ginas Web, su dise\u00f1o gr\u00e1fico y c\u00f3digos son titularidad de Motivait y por tanto, queda prohibida su reproducci\u00f3n, distribuci\u00f3n, comunicaci\u00f3n p\u00fablica, transformaci\u00f3n o cualquier otra actividad que se pueda realizar con los contenidos de sus p\u00e1ginas Web ni a\u00fan citando las fuentes, salvo consentimiento por escrito de Motivait.<\/p>\n<p>Motivait\u00ae es una marca registrada de Motivait Holdings Ltd. Queda totalmente prohibida cualquier utilizaci\u00f3n de la misma sin la autorizaci\u00f3n expresa del titular.<\/p>\n<h3><strong>Legislaci\u00f3n<\/strong><\/h3>\n<p>Con car\u00e1cter general las relaciones entre Motivait con los usuarios de sus servicios telem\u00e1ticos, presentes en este sitio Web, se encuentran sometidas a la legislaci\u00f3n y jurisdicci\u00f3n espa\u00f1olas.<\/p>\n<h3><strong>Aceptaci\u00f3n y Consentimiento<\/strong><\/h3>\n<p>El Usuario declara haber sido informado de las condiciones sobre protecci\u00f3n de datos de car\u00e1cter personal, aceptando y consintiendo el tratamiento automatizado de los mismos por parte de Motivait en la forma y para las finalidades indicadas en la presente Pol\u00edtica de Protecci\u00f3n de Datos Personales.<\/p>\n<\/div><\/section>\n","protected":false},"excerpt":{"rendered":"","protected":false},"author":21,"featured_media":0,"parent":0,"menu_order":0,"comment_status":"closed","ping_status":"closed","template":"","meta":{"inline_featured_image":false,"footnotes":""},"tags":[],"class_list":["post-6597","page","type-page","status-publish","hentry"],"yoast_head":"<!-- This site is optimized with the Yoast SEO plugin v22.5 - https:\/\/yoast.com\/wordpress\/plugins\/seo\/ -->\n<title>Informaci\u00f3n Legal - MOTIVAIT<\/title>\n<meta name=\"robots\" content=\"index, follow, max-snippet:-1, max-image-preview:large, max-video-preview:-1\" \/>\n<link rel=\"canonical\" href=\"https:\/\/www.motivait.net\/es\/informacion-legal\/\" \/>\n<meta property=\"og:locale\" content=\"es_ES\" \/>\n<meta property=\"og:type\" content=\"article\" \/>\n<meta property=\"og:title\" content=\"Informaci\u00f3n Legal - MOTIVAIT\" \/>\n<meta property=\"og:url\" content=\"https:\/\/www.motivait.net\/es\/informacion-legal\/\" \/>\n<meta property=\"og:site_name\" content=\"MOTIVAIT\" \/>\n<meta property=\"article:modified_time\" content=\"2020-06-02T12:57:56+00:00\" \/>\n<meta property=\"og:image\" content=\"https:\/\/www.motivait.net\/wp-content\/uploads\/2016\/10\/motivait-logo-web.png\" \/>\n\t<meta property=\"og:image:width\" content=\"909\" \/>\n\t<meta property=\"og:image:height\" content=\"341\" \/>\n\t<meta property=\"og:image:type\" content=\"image\/png\" \/>\n<meta name=\"twitter:card\" content=\"summary_large_image\" \/>\n<meta name=\"twitter:site\" content=\"@MotivaitHolding\" \/>\n<meta name=\"twitter:label1\" content=\"Tiempo de lectura\" \/>\n\t<meta name=\"twitter:data1\" content=\"6 minutos\" \/>\n<script type=\"application\/ld+json\" class=\"yoast-schema-graph\">{\"@context\":\"https:\/\/schema.org\",\"@graph\":[{\"@type\":\"WebPage\",\"@id\":\"https:\/\/www.motivait.net\/es\/informacion-legal\/\",\"url\":\"https:\/\/www.motivait.net\/es\/informacion-legal\/\",\"name\":\"Informaci\u00f3n Legal - MOTIVAIT\",\"isPartOf\":{\"@id\":\"https:\/\/www.motivait.net\/#website\"},\"datePublished\":\"2016-10-26T17:07:11+00:00\",\"dateModified\":\"2020-06-02T12:57:56+00:00\",\"breadcrumb\":{\"@id\":\"https:\/\/www.motivait.net\/es\/informacion-legal\/#breadcrumb\"},\"inLanguage\":\"es\",\"potentialAction\":[{\"@type\":\"ReadAction\",\"target\":[\"https:\/\/www.motivait.net\/es\/informacion-legal\/\"]}]},{\"@type\":\"BreadcrumbList\",\"@id\":\"https:\/\/www.motivait.net\/es\/informacion-legal\/#breadcrumb\",\"itemListElement\":[{\"@type\":\"ListItem\",\"position\":1,\"name\":\"Home\",\"item\":\"https:\/\/www.motivait.net\/es\/\"},{\"@type\":\"ListItem\",\"position\":2,\"name\":\"Informaci\u00f3n Legal\"}]},{\"@type\":\"WebSite\",\"@id\":\"https:\/\/www.motivait.net\/#website\",\"url\":\"https:\/\/www.motivait.net\/\",\"name\":\"MOTIVAIT\",\"description\":\"An innovative it services company with a mission to enhance engagement &lt;br&gt; We design and deliver effective solutions that generate and encourage behaviours, establishing positive emotional bonds between people and organizations, employees and their work, customers and brands, students and their subjects, citizens and communities, and much more. We use fresh approaches that achieve tangible benefits and outcomes by increasing the motivation, participation &amp; commitment of both individuals and teams.\",\"potentialAction\":[{\"@type\":\"SearchAction\",\"target\":{\"@type\":\"EntryPoint\",\"urlTemplate\":\"https:\/\/www.motivait.net\/?s={search_term_string}\"},\"query-input\":\"required name=search_term_string\"}],\"inLanguage\":\"es\"}]}<\/script>\n<!-- \/ Yoast SEO plugin. -->","yoast_head_json":{"title":"Informaci\u00f3n Legal - MOTIVAIT","robots":{"index":"index","follow":"follow","max-snippet":"max-snippet:-1","max-image-preview":"max-image-preview:large","max-video-preview":"max-video-preview:-1"},"canonical":"https:\/\/www.motivait.net\/es\/informacion-legal\/","og_locale":"es_ES","og_type":"article","og_title":"Informaci\u00f3n Legal - MOTIVAIT","og_url":"https:\/\/www.motivait.net\/es\/informacion-legal\/","og_site_name":"MOTIVAIT","article_modified_time":"2020-06-02T12:57:56+00:00","og_image":[{"width":909,"height":341,"url":"https:\/\/www.motivait.net\/wp-content\/uploads\/2016\/10\/motivait-logo-web.png","type":"image\/png"}],"twitter_card":"summary_large_image","twitter_site":"@MotivaitHolding","twitter_misc":{"Tiempo de lectura":"6 minutos"},"schema":{"@context":"https:\/\/schema.org","@graph":[{"@type":"WebPage","@id":"https:\/\/www.motivait.net\/es\/informacion-legal\/","url":"https:\/\/www.motivait.net\/es\/informacion-legal\/","name":"Informaci\u00f3n Legal - MOTIVAIT","isPartOf":{"@id":"https:\/\/www.motivait.net\/#website"},"datePublished":"2016-10-26T17:07:11+00:00","dateModified":"2020-06-02T12:57:56+00:00","breadcrumb":{"@id":"https:\/\/www.motivait.net\/es\/informacion-legal\/#breadcrumb"},"inLanguage":"es","potentialAction":[{"@type":"ReadAction","target":["https:\/\/www.motivait.net\/es\/informacion-legal\/"]}]},{"@type":"BreadcrumbList","@id":"https:\/\/www.motivait.net\/es\/informacion-legal\/#breadcrumb","itemListElement":[{"@type":"ListItem","position":1,"name":"Home","item":"https:\/\/www.motivait.net\/es\/"},{"@type":"ListItem","position":2,"name":"Informaci\u00f3n Legal"}]},{"@type":"WebSite","@id":"https:\/\/www.motivait.net\/#website","url":"https:\/\/www.motivait.net\/","name":"MOTIVAIT","description":"An innovative it services company with a mission to enhance engagement &lt;br&gt; We design and deliver effective solutions that generate and encourage behaviours, establishing positive emotional bonds between people and organizations, employees and their work, customers and brands, students and their subjects, citizens and communities, and much more. We use fresh approaches that achieve tangible benefits and outcomes by increasing the motivation, participation &amp; commitment of both individuals and teams.","potentialAction":[{"@type":"SearchAction","target":{"@type":"EntryPoint","urlTemplate":"https:\/\/www.motivait.net\/?s={search_term_string}"},"query-input":"required name=search_term_string"}],"inLanguage":"es"}]}},"_links":{"self":[{"href":"https:\/\/www.motivait.net\/es\/wp-json\/wp\/v2\/pages\/6597","targetHints":{"allow":["GET"]}}],"collection":[{"href":"https:\/\/www.motivait.net\/es\/wp-json\/wp\/v2\/pages"}],"about":[{"href":"https:\/\/www.motivait.net\/es\/wp-json\/wp\/v2\/types\/page"}],"author":[{"embeddable":true,"href":"https:\/\/www.motivait.net\/es\/wp-json\/wp\/v2\/users\/21"}],"replies":[{"embeddable":true,"href":"https:\/\/www.motivait.net\/es\/wp-json\/wp\/v2\/comments?post=6597"}],"version-history":[{"count":15,"href":"https:\/\/www.motivait.net\/es\/wp-json\/wp\/v2\/pages\/6597\/revisions"}],"predecessor-version":[{"id":12109,"href":"https:\/\/www.motivait.net\/es\/wp-json\/wp\/v2\/pages\/6597\/revisions\/12109"}],"wp:attachment":[{"href":"https:\/\/www.motivait.net\/es\/wp-json\/wp\/v2\/media?parent=6597"}],"wp:term":[{"taxonomy":"post_tag","embeddable":true,"href":"https:\/\/www.motivait.net\/es\/wp-json\/wp\/v2\/tags?post=6597"}],"curies":[{"name":"wp","href":"https:\/\/api.w.org\/{rel}","templated":true}]}}