{"id":6398,"date":"2016-10-26T19:03:50","date_gmt":"2016-10-26T17:03:50","guid":{"rendered":"http:\/\/www.motivait.net\/privacy-policy\/"},"modified":"2020-06-02T13:51:17","modified_gmt":"2020-06-02T12:51:17","slug":"politica-privacidad","status":"publish","type":"page","link":"https:\/\/www.motivait.net\/es\/politica-privacidad\/","title":{"rendered":"Pol\u00edtica de Privacidad"},"content":{"rendered":"<div class='flex_column_table av-equal-height-column-flextable -flextable' ><div class=\"flex_column av_one_full  flex_column_table_cell av-equal-height-column av-align-top av-zero-column-padding first  \" style='border-radius:0px; '><p><div style='height:20px' class='hr hr-invisible  av-small-hide av-mini-hide '><span class='hr-inner ' ><span class='hr-inner-style'><\/span><\/span><\/div><br \/>\n<div style='padding-bottom:10px; ' class='av-special-heading av-special-heading-h1     '><h1 class='av-special-heading-tag '  itemprop=\"headline\"  >Pol\u00edtica de Privacidad<\/h1><div class='special-heading-border'><div class='special-heading-inner-border' ><\/div><\/div><\/div><\/p><\/div><\/div><!--close column table wrapper. Autoclose: 1 --><section class=\"av_textblock_section \"  itemscope=\"itemscope\" itemtype=\"https:\/\/schema.org\/CreativeWork\" ><div class='avia_textblock  '   itemprop=\"text\" ><p>Motivait se compromete a proteger y respetar su privacidad. Solo procesaremos sus datos personales cuando lo permita la ley de protecci\u00f3n de datos aplicable, incluido el Reglamento general de protecci\u00f3n de datos (UE) 2016\/679 (\u00abGDPR\u00bb). Esto establece la base sobre la cual procesaremos cualquier dato personal que recopilemos de usted o que nos proporcione. Lea atentamente lo siguiente para comprender nuestras opiniones y pr\u00e1cticas con respecto a sus datos personales y c\u00f3mo los trataremos.<\/p>\n<p>En Motivait aplicamos las medidas de seguridad necesarias para evitar la alteraci\u00f3n, p\u00e9rdida, tratamiento o acceso no autorizado de los datos personales, habida cuenta en todo momento del estado de la tecnolog\u00eda, tomamos todas las medidas necesarias para proteger sus datos y guardar total confidencialidad.<\/p>\n<p>Los datos que nos proporcionan son almacenados en nuestros servidores con total seguridad. De todas formas, el usuario debe ser consciente de que las medidas de seguridad en Internet no son inexpugnables.<\/p>\n<p>Somos respetuosos en todo caso con la voluntad de nuestros contactos en el tratamiento de su informaci\u00f3n.<br \/>\nEl usuario se hace responsable de la veracidad de la informaci\u00f3n que nos proporcione as\u00ed como de su actualizaci\u00f3n. Igualmente ser\u00e1 responsable de cualquier da\u00f1o o perjuicio que pudiera derivarse como consecuencia de que los datos facilitados sean falsos, inexactos o no se encuentren actualizados.<\/p>\n<p>Tal como exige el Reglamento 2016\/679 General de Protecci\u00f3n de Datos de la Uni\u00f3n Europea (RGPD) le informamos de:<\/p>\n<h3>1. Finalidad<\/h3>\n<p>S\u00f3lo solicitaremos la informaci\u00f3n imprescindible en cada momento para prestar nuestros servicios e informar de novedades y otros contenidos vinculados con nuestra especialidad que puedan ser del inter\u00e9s de nuestros clientes y contactos.<\/p>\n<h3>2. Base leg\u00edtima del tratamiento<\/h3>\n<p>Siempre recabaremos el consentimiento respetando la Ley y no utilizaremos dichos datos personales para fines distintos.<\/p>\n<h3>3. Tiempos de conservaci\u00f3n<\/h3>\n<p>Los datos de las consultas y contactos que recibamos a trav\u00e9s de la web los conservaremos durante el tiempo estrictamente necesario.<\/p>\n<p>Si pasa a ser cliente nuestro los conservaremos el tiempo establecido por ley.<\/p>\n<h3>4. Destinatarios<\/h3>\n<p>La informaci\u00f3n que usted nos facilita es estrictamente confidencial; \u00fanicamente podremos facilitar su informaci\u00f3n personal a alg\u00fan otro miembro de nuestro grupo de empresas. Esto incluye nuestras subsidiarias, nuestra compa\u00f1\u00eda holding y sus otras subsidiarias si las hubiera.<\/p>\n<h3>5. Derechos de los usuarios<\/h3>\n<p>El usuario puede ejercer sus derechos a ser informado y de acceso, modificaci\u00f3n, supresi\u00f3n, oposici\u00f3n, limitaci\u00f3n y portabilidad de sus datos en el correo electr\u00f3nico dpo@motivait.net, o por correo postal a Motivait Solutions SL, Avda. de Bruselas, 13 edificio Am\u00e9rica, C.P. 28108 en Alcobendas, Madrid.<\/p>\n<\/div><\/section>\n","protected":false},"excerpt":{"rendered":"","protected":false},"author":21,"featured_media":0,"parent":0,"menu_order":0,"comment_status":"closed","ping_status":"closed","template":"","meta":{"inline_featured_image":false,"footnotes":""},"tags":[],"class_list":["post-6398","page","type-page","status-publish","hentry"],"yoast_head":"<!-- This site is optimized with the Yoast SEO plugin v22.5 - https:\/\/yoast.com\/wordpress\/plugins\/seo\/ -->\n<title>Motivait - Pol\u00edtica de Privacidad<\/title>\n<meta name=\"description\" content=\"Defendemos los intereses de nuestros clientes porque nos comprometemos e implicamos en sus proyectos como propios de principio a fin\" \/>\n<meta name=\"robots\" content=\"index, follow, max-snippet:-1, max-image-preview:large, max-video-preview:-1\" \/>\n<link rel=\"canonical\" href=\"https:\/\/www.motivait.net\/es\/politica-privacidad\/\" \/>\n<meta property=\"og:locale\" content=\"es_ES\" \/>\n<meta property=\"og:type\" content=\"article\" \/>\n<meta property=\"og:title\" content=\"Motivait - Pol\u00edtica de Privacidad\" \/>\n<meta property=\"og:description\" content=\"Defendemos los intereses de nuestros clientes porque nos comprometemos e implicamos en sus proyectos como propios de principio a fin\" \/>\n<meta property=\"og:url\" content=\"https:\/\/www.motivait.net\/es\/politica-privacidad\/\" \/>\n<meta property=\"og:site_name\" content=\"MOTIVAIT\" \/>\n<meta property=\"article:modified_time\" content=\"2020-06-02T12:51:17+00:00\" \/>\n<meta property=\"og:image\" content=\"https:\/\/www.motivait.net\/wp-content\/uploads\/2016\/10\/motivait-logo-web.png\" \/>\n\t<meta property=\"og:image:width\" content=\"909\" \/>\n\t<meta property=\"og:image:height\" content=\"341\" \/>\n\t<meta property=\"og:image:type\" content=\"image\/png\" \/>\n<meta name=\"twitter:card\" content=\"summary_large_image\" \/>\n<meta name=\"twitter:site\" content=\"@MotivaitHolding\" \/>\n<meta name=\"twitter:label1\" content=\"Tiempo de lectura\" \/>\n\t<meta name=\"twitter:data1\" content=\"3 minutos\" \/>\n<script type=\"application\/ld+json\" class=\"yoast-schema-graph\">{\"@context\":\"https:\/\/schema.org\",\"@graph\":[{\"@type\":\"WebPage\",\"@id\":\"https:\/\/www.motivait.net\/es\/politica-privacidad\/\",\"url\":\"https:\/\/www.motivait.net\/es\/politica-privacidad\/\",\"name\":\"Motivait - Pol\u00edtica de Privacidad\",\"isPartOf\":{\"@id\":\"https:\/\/www.motivait.net\/#website\"},\"datePublished\":\"2016-10-26T17:03:50+00:00\",\"dateModified\":\"2020-06-02T12:51:17+00:00\",\"description\":\"Defendemos los intereses de nuestros clientes porque nos comprometemos e implicamos en sus proyectos como propios de principio a fin\",\"breadcrumb\":{\"@id\":\"https:\/\/www.motivait.net\/es\/politica-privacidad\/#breadcrumb\"},\"inLanguage\":\"es\",\"potentialAction\":[{\"@type\":\"ReadAction\",\"target\":[\"https:\/\/www.motivait.net\/es\/politica-privacidad\/\"]}]},{\"@type\":\"BreadcrumbList\",\"@id\":\"https:\/\/www.motivait.net\/es\/politica-privacidad\/#breadcrumb\",\"itemListElement\":[{\"@type\":\"ListItem\",\"position\":1,\"name\":\"Home\",\"item\":\"https:\/\/www.motivait.net\/es\/\"},{\"@type\":\"ListItem\",\"position\":2,\"name\":\"Pol\u00edtica de Privacidad\"}]},{\"@type\":\"WebSite\",\"@id\":\"https:\/\/www.motivait.net\/#website\",\"url\":\"https:\/\/www.motivait.net\/\",\"name\":\"MOTIVAIT\",\"description\":\"An innovative it services company with a mission to enhance engagement &lt;br&gt; We design and deliver effective solutions that generate and encourage behaviours, establishing positive emotional bonds between people and organizations, employees and their work, customers and brands, students and their subjects, citizens and communities, and much more. We use fresh approaches that achieve tangible benefits and outcomes by increasing the motivation, participation &amp; commitment of both individuals and teams.\",\"potentialAction\":[{\"@type\":\"SearchAction\",\"target\":{\"@type\":\"EntryPoint\",\"urlTemplate\":\"https:\/\/www.motivait.net\/?s={search_term_string}\"},\"query-input\":\"required name=search_term_string\"}],\"inLanguage\":\"es\"}]}<\/script>\n<!-- \/ Yoast SEO plugin. -->","yoast_head_json":{"title":"Motivait - Pol\u00edtica de Privacidad","description":"Defendemos los intereses de nuestros clientes porque nos comprometemos e implicamos en sus proyectos como propios de principio a fin","robots":{"index":"index","follow":"follow","max-snippet":"max-snippet:-1","max-image-preview":"max-image-preview:large","max-video-preview":"max-video-preview:-1"},"canonical":"https:\/\/www.motivait.net\/es\/politica-privacidad\/","og_locale":"es_ES","og_type":"article","og_title":"Motivait - Pol\u00edtica de Privacidad","og_description":"Defendemos los intereses de nuestros clientes porque nos comprometemos e implicamos en sus proyectos como propios de principio a fin","og_url":"https:\/\/www.motivait.net\/es\/politica-privacidad\/","og_site_name":"MOTIVAIT","article_modified_time":"2020-06-02T12:51:17+00:00","og_image":[{"width":909,"height":341,"url":"https:\/\/www.motivait.net\/wp-content\/uploads\/2016\/10\/motivait-logo-web.png","type":"image\/png"}],"twitter_card":"summary_large_image","twitter_site":"@MotivaitHolding","twitter_misc":{"Tiempo de lectura":"3 minutos"},"schema":{"@context":"https:\/\/schema.org","@graph":[{"@type":"WebPage","@id":"https:\/\/www.motivait.net\/es\/politica-privacidad\/","url":"https:\/\/www.motivait.net\/es\/politica-privacidad\/","name":"Motivait - Pol\u00edtica de Privacidad","isPartOf":{"@id":"https:\/\/www.motivait.net\/#website"},"datePublished":"2016-10-26T17:03:50+00:00","dateModified":"2020-06-02T12:51:17+00:00","description":"Defendemos los intereses de nuestros clientes porque nos comprometemos e implicamos en sus proyectos como propios de principio a fin","breadcrumb":{"@id":"https:\/\/www.motivait.net\/es\/politica-privacidad\/#breadcrumb"},"inLanguage":"es","potentialAction":[{"@type":"ReadAction","target":["https:\/\/www.motivait.net\/es\/politica-privacidad\/"]}]},{"@type":"BreadcrumbList","@id":"https:\/\/www.motivait.net\/es\/politica-privacidad\/#breadcrumb","itemListElement":[{"@type":"ListItem","position":1,"name":"Home","item":"https:\/\/www.motivait.net\/es\/"},{"@type":"ListItem","position":2,"name":"Pol\u00edtica de Privacidad"}]},{"@type":"WebSite","@id":"https:\/\/www.motivait.net\/#website","url":"https:\/\/www.motivait.net\/","name":"MOTIVAIT","description":"An innovative it services company with a mission to enhance engagement &lt;br&gt; We design and deliver effective solutions that generate and encourage behaviours, establishing positive emotional bonds between people and organizations, employees and their work, customers and brands, students and their subjects, citizens and communities, and much more. We use fresh approaches that achieve tangible benefits and outcomes by increasing the motivation, participation &amp; commitment of both individuals and teams.","potentialAction":[{"@type":"SearchAction","target":{"@type":"EntryPoint","urlTemplate":"https:\/\/www.motivait.net\/?s={search_term_string}"},"query-input":"required name=search_term_string"}],"inLanguage":"es"}]}},"_links":{"self":[{"href":"https:\/\/www.motivait.net\/es\/wp-json\/wp\/v2\/pages\/6398","targetHints":{"allow":["GET"]}}],"collection":[{"href":"https:\/\/www.motivait.net\/es\/wp-json\/wp\/v2\/pages"}],"about":[{"href":"https:\/\/www.motivait.net\/es\/wp-json\/wp\/v2\/types\/page"}],"author":[{"embeddable":true,"href":"https:\/\/www.motivait.net\/es\/wp-json\/wp\/v2\/users\/21"}],"replies":[{"embeddable":true,"href":"https:\/\/www.motivait.net\/es\/wp-json\/wp\/v2\/comments?post=6398"}],"version-history":[{"count":13,"href":"https:\/\/www.motivait.net\/es\/wp-json\/wp\/v2\/pages\/6398\/revisions"}],"predecessor-version":[{"id":12104,"href":"https:\/\/www.motivait.net\/es\/wp-json\/wp\/v2\/pages\/6398\/revisions\/12104"}],"wp:attachment":[{"href":"https:\/\/www.motivait.net\/es\/wp-json\/wp\/v2\/media?parent=6398"}],"wp:term":[{"taxonomy":"post_tag","embeddable":true,"href":"https:\/\/www.motivait.net\/es\/wp-json\/wp\/v2\/tags?post=6398"}],"curies":[{"name":"wp","href":"https:\/\/api.w.org\/{rel}","templated":true}]}}