{"id":21912,"date":"2025-07-03T13:31:02","date_gmt":"2025-07-03T12:31:02","guid":{"rendered":"https:\/\/www.motivait.net\/?page_id=21912"},"modified":"2025-11-27T09:54:47","modified_gmt":"2025-11-27T09:54:47","slug":"whitepapers","status":"publish","type":"page","link":"https:\/\/www.motivait.net\/es\/recursos\/whitepapers\/","title":{"rendered":"Whitepapers test"},"content":{"rendered":"<\/div><\/div><\/div><!-- close content main div --><\/div><\/div><div id='av_section_1' class='avia-section main_color avia-section-small avia-no-border-styling avia-bg-style-scroll   container_wrap sidebar_right' style = 'background-image: '  ><div class='container' ><div class='template-page content  av-content-small alpha units'><div class='post-entry post-entry-type-page post-entry-21912'><div class='entry-content-wrapper clearfix'>\n<div class=\"flex_column av_one_fifth  av-hide-on-mobile  flex_column_div av-zero-column-padding first  \" style='border-radius:0px; '><\/div><div class=\"flex_column av_three_fifth  flex_column_div av-zero-column-padding   \" style='border-radius:0px; '><p><div style='padding-bottom:0px; margin:5% 0 0 0; ' class='av-special-heading av-special-heading-h1  blockquote modern-quote modern-centered   '><h1 class='av-special-heading-tag '  itemprop=\"headline\"  >Whitepapers<\/h1><div class='special-heading-border'><div class='special-heading-inner-border' ><\/div><\/div><\/div><br \/>\n<section class=\"av_textblock_section \"  itemscope=\"itemscope\" itemtype=\"https:\/\/schema.org\/CreativeWork\" ><div class='avia_textblock  '   itemprop=\"text\" ><p style=\"text-align: center;\">Descubre, descarga y profundiza en nuestra selecci\u00f3n de whitepapers e informes que analizan los retos de engagement actuales y c\u00f3mo resolverlos. Investigaciones y an\u00e1lisis de expertos de la industria, con amplios conocimientos sobre c\u00f3mo potenciar el compromiso y producir cambios.<\/p>\n<\/div><\/section><\/p><\/div>\n<\/div><\/div><\/div><!-- close content main div --><\/div><\/div><div id='after_section_1' class='main_color av_default_container_wrap container_wrap sidebar_right'   ><div class='container' ><div class='template-page content  av-content-small alpha units'><div class='post-entry post-entry-type-page post-entry-21912'><div class='entry-content-wrapper clearfix'>\n<\/div><\/div><\/div><!-- close content main div --><\/div><\/div><div id='av_section_2' class='avia-section main_color avia-section-small avia-no-border-styling avia-bg-style-scroll   container_wrap sidebar_right' style = 'background-image: '  ><div class='container' ><div class='template-page content  av-content-small alpha units'><div class='post-entry post-entry-type-page post-entry-21912'><div class='entry-content-wrapper clearfix'>\n<section class=\"av_textblock_section \"  itemscope=\"itemscope\" itemtype=\"https:\/\/schema.org\/CreativeWork\" ><div class='avia_textblock  '   itemprop=\"text\" ><h6 style=\"text-align: left;\"><a href=\"https:\/\/www.motivait.net\/es\/recursos\/\">\u2190 Volver a Recursos<\/a><\/h6>\n<\/div><\/section>\n<div class=\"flex_column av_one_half  av-hide-on-mobile  flex_column_div av-zero-column-padding first  \" style='border-radius:0px; '><p><div class='avia-image-container  av-styling-    avia-align-center '  itemprop=\"ImageObject\" itemscope=\"itemscope\" itemtype=\"https:\/\/schema.org\/ImageObject\"  ><div class='avia-image-container-inner'><div class='avia-image-overlay-wrap'><a href='https:\/\/www.motivait.net\/whitepapers\/customer-engagement\/es\/' class='avia_image'  ><img class='avia_image lazyload' data-src='https:\/\/www.motivait.net\/wp-content\/uploads\/2025\/09\/Customer-Engagement-Whitepaper-Motivait.jpg' alt='' title='Customer Engagement Whitepaper-Motivait'  itemprop=\"thumbnailUrl\" src=\"data:image\/gif;base64,R0lGODlhAQABAAAAACH5BAEKAAEALAAAAAABAAEAAAICTAEAOw==\" style=\"--smush-placeholder-width: 3000px; --smush-placeholder-aspect-ratio: 3000\/1432;\" \/><noscript><img class='avia_image ' src='https:\/\/www.motivait.net\/wp-content\/uploads\/2025\/09\/Customer-Engagement-Whitepaper-Motivait.jpg' alt='' title='Customer Engagement Whitepaper-Motivait'  itemprop=\"thumbnailUrl\"  \/><\/noscript><\/a><\/div><\/div><\/div><br \/>\n<div style='padding-bottom:0px; margin:5% 0 0 0; ' class='av-special-heading av-special-heading-h3  blockquote modern-quote modern-centered   '><h3 class='av-special-heading-tag '  itemprop=\"headline\"  ><a href=\"https:\/\/www.motivait.net\/whitepapers\/customer-engagement\/es\/\">Convierte Clientes Fieles en Embajadores<\/a><\/h3><div class='special-heading-border'><div class='special-heading-inner-border' ><\/div><\/div><\/div><br \/>\n<div  class='hr hr-short hr-center  '><span class='hr-inner ' ><span class='hr-inner-style'><\/span><\/span><\/div><\/p><\/div><div class=\"flex_column av_one_half  av-hide-on-mobile  flex_column_div av-zero-column-padding   \" style='border-radius:0px; '><p><div class='avia-image-container  av-styling-    avia-align-center '  itemprop=\"ImageObject\" itemscope=\"itemscope\" itemtype=\"https:\/\/schema.org\/ImageObject\"  ><div class='avia-image-container-inner'><div class='avia-image-overlay-wrap'><a href='https:\/\/www.motivait.net\/whitepapers\/employee-engagement\/es\/' class='avia_image'  ><img class='avia_image lazyload' data-src='https:\/\/www.motivait.net\/wp-content\/uploads\/2025\/06\/Whitepaper-Employee-Engagement.jpg' alt='' title='Whitepaper Employee Engagement'  itemprop=\"thumbnailUrl\" src=\"data:image\/gif;base64,R0lGODlhAQABAAAAACH5BAEKAAEALAAAAAABAAEAAAICTAEAOw==\" style=\"--smush-placeholder-width: 3000px; --smush-placeholder-aspect-ratio: 3000\/1432;\" \/><noscript><img class='avia_image ' src='https:\/\/www.motivait.net\/wp-content\/uploads\/2025\/06\/Whitepaper-Employee-Engagement.jpg' alt='' title='Whitepaper Employee Engagement'  itemprop=\"thumbnailUrl\"  \/><\/noscript><\/a><\/div><\/div><\/div><br \/>\n<div style='padding-bottom:0px; margin:5% 0 0 0; ' class='av-special-heading av-special-heading-h3  blockquote modern-quote modern-centered   '><h3 class='av-special-heading-tag '  itemprop=\"headline\"  ><a href=\"https:\/\/www.motivait.net\/whitepapers\/employee-engagement\/es\/\">Engagement de Empleados = \u00c9xito Garantizado: C\u00f3mo hacer que el viaje del empleado realmente cuente <\/a><\/h3><div class='special-heading-border'><div class='special-heading-inner-border' ><\/div><\/div><\/div><br \/>\n<div  class='hr hr-short hr-center  '><span class='hr-inner ' ><span class='hr-inner-style'><\/span><\/span><\/div><\/p><\/div><div class=\"flex_column av_one_half  av-hide-on-mobile  flex_column_div av-zero-column-padding first  \" style='border-radius:0px; '><p><div class='avia-image-container  av-styling-   av-desktop-hide av-medium-hide av-small-hide av-mini-hide  avia-align-center '  itemprop=\"ImageObject\" itemscope=\"itemscope\" itemtype=\"https:\/\/schema.org\/ImageObject\"  ><div class='avia-image-container-inner'><div class='avia-image-overlay-wrap'><a href='https:\/\/www.motivait.net\/es\/2020\/08\/17\/incentivising-recycling-in-depth\/' class='avia_image'  ><img class='avia_image lazyload' data-src='https:\/\/www.motivait.net\/wp-content\/uploads\/2020\/08\/Whitepaper_incentivising_recycling_01.jpg' alt='' title='Whitepaper_incentivising_recycling_01'  itemprop=\"thumbnailUrl\" src=\"data:image\/gif;base64,R0lGODlhAQABAAAAACH5BAEKAAEALAAAAAABAAEAAAICTAEAOw==\" style=\"--smush-placeholder-width: 3000px; --smush-placeholder-aspect-ratio: 3000\/1432;\" \/><noscript><img class='avia_image ' src='https:\/\/www.motivait.net\/wp-content\/uploads\/2020\/08\/Whitepaper_incentivising_recycling_01.jpg' alt='' title='Whitepaper_incentivising_recycling_01'  itemprop=\"thumbnailUrl\"  \/><\/noscript><\/a><\/div><\/div><\/div><br \/>\n<div style='padding-bottom:0px; margin:5% 0 0 0; ' class='av-special-heading av-special-heading-h3  blockquote modern-quote modern-centered    av-desktop-hide av-medium-hide av-small-hide av-mini-hide'><h3 class='av-special-heading-tag '  itemprop=\"headline\"  ><a href=\"https:\/\/www.motivait.net\/es\/2020\/08\/17\/incentivising-recycling-in-depth\/\">Incentivar el reciclaje: Combatir la pasividad replanteando el problema<\/a><\/h3><div class='special-heading-border'><div class='special-heading-inner-border' ><\/div><\/div><\/div><br \/>\n<div  class='hr hr-short hr-center  av-desktop-hide av-medium-hide av-small-hide av-mini-hide '><span class='hr-inner ' ><span class='hr-inner-style'><\/span><\/span><\/div><\/p><\/div><\/div><\/div><\/div><!-- close content main div --><\/div><\/div><div id='after_section_2' class='main_color av_default_container_wrap container_wrap sidebar_right'   ><div class='container' ><div class='template-page content  av-content-small alpha units'><div class='post-entry post-entry-type-page post-entry-21912'><div class='entry-content-wrapper clearfix'>\n","protected":false},"excerpt":{"rendered":"","protected":false},"author":15,"featured_media":0,"parent":17161,"menu_order":0,"comment_status":"closed","ping_status":"closed","template":"","meta":{"inline_featured_image":false,"footnotes":""},"tags":[],"class_list":["post-21912","page","type-page","status-publish","hentry"],"yoast_head":"<!-- This site is optimized with the Yoast SEO plugin v22.5 - https:\/\/yoast.com\/wordpress\/plugins\/seo\/ -->\n<title>MOTIVAIT | Engagement Whitepapers<\/title>\n<meta name=\"description\" content=\"Descubre nuestra selecci\u00f3n de whitepapers sobre retos de engagement. Incluyen an\u00e1lisis de expertos en la industria.\" \/>\n<meta name=\"robots\" content=\"index, follow, max-snippet:-1, max-image-preview:large, max-video-preview:-1\" \/>\n<link rel=\"canonical\" href=\"https:\/\/www.motivait.net\/es\/recursos\/whitepapers\/\" \/>\n<meta property=\"og:locale\" content=\"es_ES\" \/>\n<meta property=\"og:type\" content=\"article\" \/>\n<meta property=\"og:title\" content=\"MOTIVAIT | Engagement Whitepapers\" \/>\n<meta property=\"og:description\" content=\"Descubre nuestra selecci\u00f3n de whitepapers sobre retos de engagement. Incluyen an\u00e1lisis de expertos en la industria.\" \/>\n<meta property=\"og:url\" content=\"https:\/\/www.motivait.net\/es\/recursos\/whitepapers\/\" \/>\n<meta property=\"og:site_name\" content=\"MOTIVAIT\" \/>\n<meta property=\"article:modified_time\" content=\"2025-11-27T09:54:47+00:00\" \/>\n<meta property=\"og:image\" content=\"https:\/\/www.motivait.net\/wp-content\/uploads\/2016\/10\/motivait-logo-web.png\" \/>\n\t<meta property=\"og:image:width\" content=\"909\" \/>\n\t<meta property=\"og:image:height\" content=\"341\" \/>\n\t<meta property=\"og:image:type\" content=\"image\/png\" \/>\n<meta name=\"twitter:card\" content=\"summary_large_image\" \/>\n<meta name=\"twitter:site\" content=\"@MotivaitHolding\" \/>\n<meta name=\"twitter:label1\" content=\"Tiempo de lectura\" \/>\n\t<meta name=\"twitter:data1\" content=\"7 minutos\" \/>\n<script type=\"application\/ld+json\" class=\"yoast-schema-graph\">{\"@context\":\"https:\/\/schema.org\",\"@graph\":[{\"@type\":\"WebPage\",\"@id\":\"https:\/\/www.motivait.net\/es\/recursos\/whitepapers\/\",\"url\":\"https:\/\/www.motivait.net\/es\/recursos\/whitepapers\/\",\"name\":\"MOTIVAIT | Engagement Whitepapers\",\"isPartOf\":{\"@id\":\"https:\/\/www.motivait.net\/#website\"},\"datePublished\":\"2025-07-03T12:31:02+00:00\",\"dateModified\":\"2025-11-27T09:54:47+00:00\",\"description\":\"Descubre nuestra selecci\u00f3n de whitepapers sobre retos de engagement. Incluyen an\u00e1lisis de expertos en la industria.\",\"breadcrumb\":{\"@id\":\"https:\/\/www.motivait.net\/es\/recursos\/whitepapers\/#breadcrumb\"},\"inLanguage\":\"es\",\"potentialAction\":[{\"@type\":\"ReadAction\",\"target\":[\"https:\/\/www.motivait.net\/es\/recursos\/whitepapers\/\"]}]},{\"@type\":\"BreadcrumbList\",\"@id\":\"https:\/\/www.motivait.net\/es\/recursos\/whitepapers\/#breadcrumb\",\"itemListElement\":[{\"@type\":\"ListItem\",\"position\":1,\"name\":\"Home\",\"item\":\"https:\/\/www.motivait.net\/es\/\"},{\"@type\":\"ListItem\",\"position\":2,\"name\":\"Recursos\",\"item\":\"https:\/\/www.motivait.net\/es\/recursos\/\"},{\"@type\":\"ListItem\",\"position\":3,\"name\":\"Whitepapers test\"}]},{\"@type\":\"WebSite\",\"@id\":\"https:\/\/www.motivait.net\/#website\",\"url\":\"https:\/\/www.motivait.net\/\",\"name\":\"MOTIVAIT\",\"description\":\"An innovative it services company with a mission to enhance engagement &lt;br&gt; We design and deliver effective solutions that generate and encourage behaviours, establishing positive emotional bonds between people and organizations, employees and their work, customers and brands, students and their subjects, citizens and communities, and much more. We use fresh approaches that achieve tangible benefits and outcomes by increasing the motivation, participation &amp; commitment of both individuals and teams.\",\"potentialAction\":[{\"@type\":\"SearchAction\",\"target\":{\"@type\":\"EntryPoint\",\"urlTemplate\":\"https:\/\/www.motivait.net\/?s={search_term_string}\"},\"query-input\":\"required name=search_term_string\"}],\"inLanguage\":\"es\"}]}<\/script>\n<!-- \/ Yoast SEO plugin. -->","yoast_head_json":{"title":"MOTIVAIT | Engagement Whitepapers","description":"Descubre nuestra selecci\u00f3n de whitepapers sobre retos de engagement. Incluyen an\u00e1lisis de expertos en la industria.","robots":{"index":"index","follow":"follow","max-snippet":"max-snippet:-1","max-image-preview":"max-image-preview:large","max-video-preview":"max-video-preview:-1"},"canonical":"https:\/\/www.motivait.net\/es\/recursos\/whitepapers\/","og_locale":"es_ES","og_type":"article","og_title":"MOTIVAIT | Engagement Whitepapers","og_description":"Descubre nuestra selecci\u00f3n de whitepapers sobre retos de engagement. Incluyen an\u00e1lisis de expertos en la industria.","og_url":"https:\/\/www.motivait.net\/es\/recursos\/whitepapers\/","og_site_name":"MOTIVAIT","article_modified_time":"2025-11-27T09:54:47+00:00","og_image":[{"width":909,"height":341,"url":"https:\/\/www.motivait.net\/wp-content\/uploads\/2016\/10\/motivait-logo-web.png","type":"image\/png"}],"twitter_card":"summary_large_image","twitter_site":"@MotivaitHolding","twitter_misc":{"Tiempo de lectura":"7 minutos"},"schema":{"@context":"https:\/\/schema.org","@graph":[{"@type":"WebPage","@id":"https:\/\/www.motivait.net\/es\/recursos\/whitepapers\/","url":"https:\/\/www.motivait.net\/es\/recursos\/whitepapers\/","name":"MOTIVAIT | Engagement Whitepapers","isPartOf":{"@id":"https:\/\/www.motivait.net\/#website"},"datePublished":"2025-07-03T12:31:02+00:00","dateModified":"2025-11-27T09:54:47+00:00","description":"Descubre nuestra selecci\u00f3n de whitepapers sobre retos de engagement. Incluyen an\u00e1lisis de expertos en la industria.","breadcrumb":{"@id":"https:\/\/www.motivait.net\/es\/recursos\/whitepapers\/#breadcrumb"},"inLanguage":"es","potentialAction":[{"@type":"ReadAction","target":["https:\/\/www.motivait.net\/es\/recursos\/whitepapers\/"]}]},{"@type":"BreadcrumbList","@id":"https:\/\/www.motivait.net\/es\/recursos\/whitepapers\/#breadcrumb","itemListElement":[{"@type":"ListItem","position":1,"name":"Home","item":"https:\/\/www.motivait.net\/es\/"},{"@type":"ListItem","position":2,"name":"Recursos","item":"https:\/\/www.motivait.net\/es\/recursos\/"},{"@type":"ListItem","position":3,"name":"Whitepapers test"}]},{"@type":"WebSite","@id":"https:\/\/www.motivait.net\/#website","url":"https:\/\/www.motivait.net\/","name":"MOTIVAIT","description":"An innovative it services company with a mission to enhance engagement &lt;br&gt; We design and deliver effective solutions that generate and encourage behaviours, establishing positive emotional bonds between people and organizations, employees and their work, customers and brands, students and their subjects, citizens and communities, and much more. We use fresh approaches that achieve tangible benefits and outcomes by increasing the motivation, participation &amp; commitment of both individuals and teams.","potentialAction":[{"@type":"SearchAction","target":{"@type":"EntryPoint","urlTemplate":"https:\/\/www.motivait.net\/?s={search_term_string}"},"query-input":"required name=search_term_string"}],"inLanguage":"es"}]}},"_links":{"self":[{"href":"https:\/\/www.motivait.net\/es\/wp-json\/wp\/v2\/pages\/21912","targetHints":{"allow":["GET"]}}],"collection":[{"href":"https:\/\/www.motivait.net\/es\/wp-json\/wp\/v2\/pages"}],"about":[{"href":"https:\/\/www.motivait.net\/es\/wp-json\/wp\/v2\/types\/page"}],"author":[{"embeddable":true,"href":"https:\/\/www.motivait.net\/es\/wp-json\/wp\/v2\/users\/15"}],"replies":[{"embeddable":true,"href":"https:\/\/www.motivait.net\/es\/wp-json\/wp\/v2\/comments?post=21912"}],"version-history":[{"count":9,"href":"https:\/\/www.motivait.net\/es\/wp-json\/wp\/v2\/pages\/21912\/revisions"}],"predecessor-version":[{"id":22677,"href":"https:\/\/www.motivait.net\/es\/wp-json\/wp\/v2\/pages\/21912\/revisions\/22677"}],"up":[{"embeddable":true,"href":"https:\/\/www.motivait.net\/es\/wp-json\/wp\/v2\/pages\/17161"}],"wp:attachment":[{"href":"https:\/\/www.motivait.net\/es\/wp-json\/wp\/v2\/media?parent=21912"}],"wp:term":[{"taxonomy":"post_tag","embeddable":true,"href":"https:\/\/www.motivait.net\/es\/wp-json\/wp\/v2\/tags?post=21912"}],"curies":[{"name":"wp","href":"https:\/\/api.w.org\/{rel}","templated":true}]}}