{"id":17097,"date":"2022-09-02T12:24:24","date_gmt":"2022-09-02T11:24:24","guid":{"rendered":"https:\/\/www.motivait.net\/?page_id=17097"},"modified":"2024-04-08T10:47:23","modified_gmt":"2024-04-08T09:47:23","slug":"contacto","status":"publish","type":"page","link":"https:\/\/www.motivait.net\/es\/contacto\/","title":{"rendered":"Contacto"},"content":{"rendered":"<div class=\"flex_column av_one_fifth  flex_column_div av-zero-column-padding first  \" style='border-radius:0px; '><\/div>\n<div class=\"flex_column av_three_fifth  flex_column_div av-zero-column-padding   \" style='border-radius:0px; '><p><div style='padding-bottom:0px; margin:5% 0 0 0; ' class='av-special-heading av-special-heading-h1  blockquote modern-quote modern-centered  '><h1 class='av-special-heading-tag '  itemprop=\"headline\"  >\u00bfQuieres saber m\u00e1s?<\/h1><div class='special-heading-border'><div class='special-heading-inner-border' ><\/div><\/div><\/div><br \/>\n<section class=\"av_textblock_section \"  itemscope=\"itemscope\" itemtype=\"https:\/\/schema.org\/CreativeWork\" ><div class='avia_textblock  '   itemprop=\"text\" ><p style=\"text-align: center;\"><span style=\"color: #45515b;\">Ponte en contacto con nosotros por el medio que mejor te venga. Encontrar\u00e1s aqu\u00ed la informaci\u00f3n necesaria.<\/span><\/p>\n<\/div><\/section><\/p><\/div>\n<div class=\"flex_column av_one_fifth  flex_column_div av-zero-column-padding   \" style='border-radius:0px; '><\/div>\n<\/div><\/div><\/div><!-- close content main div --><\/div><\/div><div id='av_section_1' class='avia-section main_color avia-section-default avia-no-border-styling avia-bg-style-scroll   container_wrap sidebar_right' style = 'background-color: #45515b; background-image: '  ><div class='container' ><div class='template-page content  av-content-small alpha units'><div class='post-entry post-entry-type-page post-entry-17097'><div class='entry-content-wrapper clearfix'>\n<div class=\"flex_column av_one_fourth  av-hide-on-mobile  flex_column_div av-zero-column-padding first  \" style='border-radius:0px; '><\/div><div class=\"flex_column av_one_fourth  flex_column_div   \" style='padding:0px 0px 0px 0px ; border-radius:0px; '><section class=\"av_textblock_section \"  itemscope=\"itemscope\" itemtype=\"https:\/\/schema.org\/CreativeWork\" ><div class='avia_textblock  '   itemprop=\"text\" ><p style=\"text-align: center;\"><span style=\"color: #ffffff;\"><img loading=\"lazy\" decoding=\"async\" class=\"alignnone wp-image-17031 size-full lazyload\" data-src=\"https:\/\/www.motivait.net\/wp-content\/uploads\/2022\/09\/Icon-Speech-bubble-Text.png\" alt=\"\" width=\"39\" height=\"34\" src=\"data:image\/gif;base64,R0lGODlhAQABAAAAACH5BAEKAAEALAAAAAABAAEAAAICTAEAOw==\" style=\"--smush-placeholder-width: 39px; --smush-placeholder-aspect-ratio: 39\/34;\" \/><noscript><img loading=\"lazy\" decoding=\"async\" class=\"alignnone wp-image-17031 size-full\" src=\"https:\/\/www.motivait.net\/wp-content\/uploads\/2022\/09\/Icon-Speech-bubble-Text.png\" alt=\"\" width=\"39\" height=\"34\" \/><\/noscript><\/span><\/p>\n<p style=\"text-align: center;\"><span style=\"color: #ffffff;\">Habla con nosotros<\/span><\/p>\n<p style=\"text-align: center; color: #ffffff;\"><a style=\"text-align: center; color: #ffffff;\" href=\"mailto:info@motivait.net\">info@motivait.net<\/a><\/p>\n<\/div><\/section><\/div><div class=\"flex_column av_one_fourth  flex_column_div   \" style='padding:0px 0px 0px 0px ; border-radius:0px; '><section class=\"av_textblock_section \"  itemscope=\"itemscope\" itemtype=\"https:\/\/schema.org\/CreativeWork\" ><div class='avia_textblock  '   itemprop=\"text\" ><p style=\"text-align: center;\"><span style=\"color: #ffffff;\"><img loading=\"lazy\" decoding=\"async\" class=\"alignnone wp-image-17029 size-full lazyload\" data-src=\"https:\/\/www.motivait.net\/wp-content\/uploads\/2022\/09\/Icon-Pencil-3.png\" alt=\"\" width=\"34\" height=\"34\" src=\"data:image\/gif;base64,R0lGODlhAQABAAAAACH5BAEKAAEALAAAAAABAAEAAAICTAEAOw==\" style=\"--smush-placeholder-width: 34px; --smush-placeholder-aspect-ratio: 34\/34;\" \/><noscript><img loading=\"lazy\" decoding=\"async\" class=\"alignnone wp-image-17029 size-full\" src=\"https:\/\/www.motivait.net\/wp-content\/uploads\/2022\/09\/Icon-Pencil-3.png\" alt=\"\" width=\"34\" height=\"34\" \/><\/noscript><\/span><\/p>\n<p style=\"text-align: center;\"><span style=\"color: #ffffff;\">Trabaja con nosotros<\/span><\/p>\n<p style=\"text-align: center; color: #ffffff;\"><a style=\"text-align: center; color: #ffffff;\" href=\"mailto:careers@motivait.net\">careers@motivait.net<\/a><\/p>\n<\/div><\/section><\/div>\n<\/div><\/div><\/div><!-- close content main div --><\/div><\/div><div id='after_section_1' class='main_color av_default_container_wrap container_wrap sidebar_right'   ><div class='container' ><div class='template-page content  av-content-small alpha units'><div class='post-entry post-entry-type-page post-entry-17097'><div class='entry-content-wrapper clearfix'>\n<\/div><\/div><\/div><!-- close content main div --><\/div><\/div><div id='av_section_2' class='avia-section main_color avia-section-default avia-no-border-styling avia-bg-style-scroll   container_wrap sidebar_right' style = 'background-image: '  ><div class='container' ><div class='template-page content  av-content-small alpha units'><div class='post-entry post-entry-type-page post-entry-17097'><div class='entry-content-wrapper clearfix'>\n<div style='padding-bottom:40px; margin:5% 0 0 0; ' class='av-special-heading av-special-heading-h2  blockquote modern-quote modern-centered   '><h2 class='av-special-heading-tag '  itemprop=\"headline\"  >Estamos en<\/h2><div class='special-heading-border'><div class='special-heading-inner-border' ><\/div><\/div><\/div>\n<div class=\"flex_column av_one_half  flex_column_div av-zero-column-padding first  \" style='border-radius:0px; '><section class=\"av_textblock_section \"  itemscope=\"itemscope\" itemtype=\"https:\/\/schema.org\/CreativeWork\" ><div class='avia_textblock  '   itemprop=\"text\" ><p style=\"text-align: right;\"><a href=\"https:\/\/www.motivait.net\/wp-content\/uploads\/2022\/09\/Motivait-office-newcastle.jpg\"><img loading=\"lazy\" decoding=\"async\" class=\"alignnone size-full wp-image-17022 lazyload\" data-src=\"https:\/\/www.motivait.net\/wp-content\/uploads\/2022\/09\/Motivait-office-newcastle.jpg\" alt=\"\" width=\"616\" height=\"351\" src=\"data:image\/gif;base64,R0lGODlhAQABAAAAACH5BAEKAAEALAAAAAABAAEAAAICTAEAOw==\" style=\"--smush-placeholder-width: 616px; --smush-placeholder-aspect-ratio: 616\/351;\" \/><noscript><img loading=\"lazy\" decoding=\"async\" class=\"alignnone size-full wp-image-17022\" src=\"https:\/\/www.motivait.net\/wp-content\/uploads\/2022\/09\/Motivait-office-newcastle.jpg\" alt=\"\" width=\"616\" height=\"351\" \/><\/noscript><\/a><\/p>\n<h4 style=\"text-align: right;\">Reino Unido<\/h4>\n<p style=\"text-align: right;\"><strong>Newcastle<\/strong><br \/>\nThe Core 5.22<br \/>\nNewcastle Helix<br \/>\nBath Lane<br \/>\nNewcastle upon Tyne<br \/>\nNE4 5TF<br \/>\n+44 191 495 7340<\/p>\n<\/div><\/section><\/div><div class=\"flex_column av_one_half  flex_column_div av-zero-column-padding   \" style='border-radius:0px; '><section class=\"av_textblock_section \"  itemscope=\"itemscope\" itemtype=\"https:\/\/schema.org\/CreativeWork\" ><div class='avia_textblock  '   itemprop=\"text\" ><p><a href=\"https:\/\/goo.gl\/maps\/44oEu8xEVPgdyZwx9\" target=\"_blank\" rel=\"noopener\"><img loading=\"lazy\" decoding=\"async\" class=\"wp-image-17024 size-full alignnone lazyload\" data-src=\"https:\/\/www.motivait.net\/wp-content\/uploads\/2022\/09\/Motivait-office-madrid.jpg\" alt=\"\" width=\"610\" height=\"351\" src=\"data:image\/gif;base64,R0lGODlhAQABAAAAACH5BAEKAAEALAAAAAABAAEAAAICTAEAOw==\" style=\"--smush-placeholder-width: 610px; --smush-placeholder-aspect-ratio: 610\/351;\" \/><noscript><img loading=\"lazy\" decoding=\"async\" class=\"wp-image-17024 size-full alignnone\" src=\"https:\/\/www.motivait.net\/wp-content\/uploads\/2022\/09\/Motivait-office-madrid.jpg\" alt=\"\" width=\"610\" height=\"351\" \/><\/noscript><\/a><\/p>\n<h4 style=\"color: #45515b;\">Espa\u00f1a<\/h4>\n<p><strong>Madrid<\/strong><br \/>\nAv. de Bruselas, 13<br \/>\nEd. Am\u00e9rica<br \/>\n28108 Alcobendas<br \/>\n+34 91 425 86 57<\/p>\n<\/div><\/section><\/div>\n<\/div><\/div><\/div><!-- close content main div --><\/div><\/div><div id='after_section_2' class='main_color av_default_container_wrap container_wrap sidebar_right'   ><div class='container' ><div class='template-page content  av-content-small alpha units'><div class='post-entry post-entry-type-page post-entry-17097'><div class='entry-content-wrapper clearfix'>\n<\/div><\/div><\/div><!-- close content main div --><\/div><\/div><div id='conversational_form_2022' class='avia-section main_color avia-section-large avia-no-border-styling avia-bg-style-scroll   container_wrap sidebar_right' style = 'background-color: #45515b; background-image: '  ><div class='container' ><div class='template-page content  av-content-small alpha units'><div class='post-entry post-entry-type-page post-entry-17097'><div class='entry-content-wrapper clearfix'>\n<div class=\"flex_column av_one_fifth  flex_column_div av-zero-column-padding first  \" style='border-radius:0px; '><p><div style='height:50px' class='hr hr-invisible  av-small-hide av-mini-hide '><span class='hr-inner ' ><span class='hr-inner-style'><\/span><\/span><\/div><br \/>\n<div class='avia-image-container  av-styling-    avia-align-left '  itemprop=\"ImageObject\" itemscope=\"itemscope\" itemtype=\"https:\/\/schema.org\/ImageObject\"  ><div class='avia-image-container-inner'><div class='avia-image-overlay-wrap'><img class='avia_image lazyload' data-src='https:\/\/www.motivait.net\/wp-content\/uploads\/2022\/09\/Aboutus_Patricia_askus_transparent-1.png' alt='' title='Aboutus_Patricia_askus_transparent' height=\"300\"width=\"298\"  itemprop=\"thumbnailUrl\" src=\"data:image\/gif;base64,R0lGODlhAQABAAAAACH5BAEKAAEALAAAAAABAAEAAAICTAEAOw==\" style=\"--smush-placeholder-width: 298px; --smush-placeholder-aspect-ratio: 298\/300;\" \/><noscript><img class='avia_image ' src='https:\/\/www.motivait.net\/wp-content\/uploads\/2022\/09\/Aboutus_Patricia_askus_transparent-1.png' alt='' title='Aboutus_Patricia_askus_transparent' height=\"300\"width=\"298\"  itemprop=\"thumbnailUrl\"  \/><\/noscript><\/div><\/div><\/div><\/p><\/div><div class=\"flex_column av_four_fifth  flex_column_div   \" style='padding:0px 0px 0px -50% ; border-radius:0px; '><section class=\"av_textblock_section \"  itemscope=\"itemscope\" itemtype=\"https:\/\/schema.org\/CreativeWork\" ><div class='avia_textblock  '   itemprop=\"text\" ><h2 style=\"font-size: 100px;\"><span style=\"color: #ffffff;\">\u00bfHablamos?<\/span><!--2--><\/h2>\n<\/div><\/section><\/div><div class=\"flex_column av_one_full  flex_column_div av-zero-column-padding first  \" style='border-radius:0px; '><form action=\"https:\/\/www.motivait.net\/es\/contacto\/\" method=\"post\"  class=\"avia_ajax_form av-form-labels-visible   av-custom-form-color av-light-form \" data-avia-form-id=\"1\" data-avia-redirect=''><fieldset><p class=' first_form  form_element form_element_half' id='element_avia_1_1'><label for=\"avia_1_1\">Si, trabajo en<\/label> <select  name=\"avia_1_1\" class=\"select \" id=\"avia_1_1\"><option  value ='Marketing'>Marketing<\/option><option  value ='HR'>HR<\/option><option  value ='Management'>Management<\/option><option  value ='Finance'>Finance<\/option><option  value ='Sales'>Sales<\/option><option  value ='Customer Services'>Customer Services<\/option><option  value ='Education'>Education<\/option><option  value ='NGO'>NGO<\/option><option  value ='Communication'>Communication<\/option><option  value ='IT and Systems'>IT and Systems<\/option><option  value ='Public Services'>Public Services<\/option><option  value ='Health'>Health<\/option><option  value ='Other'>Other<\/option><\/select><\/p><p class=' form_element form_element_half' id='element_avia_2_1'><label for=\"avia_2_1\">busco ayuda para<\/label> <select  name=\"avia_2_1\" class=\"select \" id=\"avia_2_1\"><option  value ='customer loyalty'>customer loyalty<\/option><option  value ='customer engagement'>customer engagement<\/option><option  value ='employee engagement'>employee engagement<\/option><option  value ='learning &amp; development'>learning &amp; development<\/option><option  value ='alumni engagement'>alumni engagement<\/option><option  value ='community engagement'>community engagement<\/option><option  value ='engaging volunteers'>engaging volunteers<\/option><option  value ='other'>other<\/option><\/select><\/p><p class=' first_form  form_element form_element_half' id='element_avia_3_1'><label for=\"avia_3_1\">Me llamo <abbr class=\"required\" title=\"required\">*<\/abbr><\/label> <input name=\"avia_3_1\" class=\"text_input is_empty\" type=\"text\" id=\"avia_3_1\" value=\"\" \/><\/p><p class=' form_element form_element_half' id='element_avia_4_1'><label for=\"avia_4_1\">Y puedes contactar conmigo en <abbr class=\"required\" title=\"required\">*<\/abbr><\/label> <input name=\"avia_4_1\" class=\"text_input is_email\" type=\"text\" id=\"avia_4_1\" value=\"\" \/><\/p><div id='avia_5_1' class='av-form-text'><p>\n<em style=\"font-size: 12px;\">De acuerdo con la nueva regulaci\u00f3n de protecci\u00f3n de datos (Reglamento UE 2016\/679 General de Protecci\u00f3n de Datos o RGPD), le informamos que siempre recopilaremos sus datos con su consentimiento y solo para responder su consulta y que guardaremos sus datos un m\u00e1ximo de seis meses a menos que se convierta en cliente. Tambi\u00e9n le informamos que puede ejercer sus derechos de acceso, rectificaci\u00f3n, eliminaci\u00f3n, limitaci\u00f3n y portabilidad en dpo@motivait.net. Para obtener m\u00e1s informaci\u00f3n, consulte nuestra pol\u00edtica de privacidad. <\/em><\/p>\n<\/div><p class=' first_form  form_element form_fullwidth av-last-visible-form-element' id='element_avia_6_1'>    <input  name=\"avia_6_1\" class=\"input_checkbox is_empty\" type=\"checkbox\" id=\"avia_6_1\" value=\"true\"\/><label class=\"input_checkbox_label\" for=\"avia_6_1\">Estoy de acuerdo con la <a href=\"http:\/\/www.motivait.net\/privacy-policy\/\">Pol\u00edtica de Privacidad de Motivait <\/a> y acepto el uso de mis datos para responder a mi consulta.  <abbr class=\"required\" title=\"required\">*<\/abbr><\/label><\/p><p class=\"hidden\"><input type=\"text\" name=\"avia_7_1\" class=\"hidden \" id=\"avia_7_1\" value=\"\" \/><\/p><p class=\"form_element \"><input type=\"hidden\" value=\"1\" name=\"avia_generated_form1\" \/><input type=\"submit\" value=\"Enviar\" class=\"button\"  data-sending-label=\"Enviando\"\/><\/p><\/fieldset><\/form><div id=\"ajaxresponse_1\" class=\"ajaxresponse ajaxresponse_1 hidden\"><\/div><\/div><\/div><\/div><\/div><!-- close content main div --><\/div><\/div><div id='after_section_3' class='main_color av_default_container_wrap container_wrap sidebar_right'   ><div class='container' ><div class='template-page content  av-content-small alpha units'><div class='post-entry post-entry-type-page post-entry-17097'><div class='entry-content-wrapper clearfix'>\n","protected":false},"excerpt":{"rendered":"","protected":false},"author":15,"featured_media":17319,"parent":0,"menu_order":0,"comment_status":"closed","ping_status":"closed","template":"","meta":{"inline_featured_image":false,"footnotes":""},"tags":[],"class_list":["post-17097","page","type-page","status-publish","has-post-thumbnail","hentry"],"yoast_head":"<!-- This site is optimized with the Yoast SEO plugin v22.5 - https:\/\/yoast.com\/wordpress\/plugins\/seo\/ -->\n<title>MOTIVAIT | Contacto | Inspiring Engagement<\/title>\n<meta name=\"description\" content=\"\u00bfQuieres saber m\u00e1s? Ponte en contacto con nosotros por el medio que mejor te venga.\" \/>\n<meta name=\"robots\" content=\"index, follow, max-snippet:-1, max-image-preview:large, max-video-preview:-1\" \/>\n<link rel=\"canonical\" href=\"https:\/\/www.motivait.net\/es\/contacto\/\" \/>\n<meta property=\"og:locale\" content=\"es_ES\" \/>\n<meta property=\"og:type\" content=\"article\" \/>\n<meta property=\"og:title\" content=\"MOTIVAIT | Contacto | Inspiring Engagement\" \/>\n<meta property=\"og:description\" content=\"\u00bfQuieres saber m\u00e1s? Ponte en contacto con nosotros por el medio que mejor te venga.\" \/>\n<meta property=\"og:url\" content=\"https:\/\/www.motivait.net\/es\/contacto\/\" \/>\n<meta property=\"og:site_name\" content=\"MOTIVAIT\" \/>\n<meta property=\"article:modified_time\" content=\"2024-04-08T09:47:23+00:00\" \/>\n<meta property=\"og:image\" content=\"https:\/\/www.motivait.net\/wp-content\/uploads\/2022\/09\/motivait-snippet.jpg\" \/>\n\t<meta property=\"og:image:width\" content=\"1440\" \/>\n\t<meta property=\"og:image:height\" content=\"900\" \/>\n\t<meta property=\"og:image:type\" content=\"image\/jpeg\" \/>\n<meta name=\"twitter:card\" content=\"summary_large_image\" \/>\n<meta name=\"twitter:site\" content=\"@MotivaitHolding\" \/>\n<meta name=\"twitter:label1\" content=\"Tiempo de lectura\" \/>\n\t<meta name=\"twitter:data1\" content=\"10 minutos\" \/>\n<script type=\"application\/ld+json\" class=\"yoast-schema-graph\">{\"@context\":\"https:\/\/schema.org\",\"@graph\":[{\"@type\":\"WebPage\",\"@id\":\"https:\/\/www.motivait.net\/es\/contacto\/\",\"url\":\"https:\/\/www.motivait.net\/es\/contacto\/\",\"name\":\"MOTIVAIT | Contacto | Inspiring Engagement\",\"isPartOf\":{\"@id\":\"https:\/\/www.motivait.net\/#website\"},\"primaryImageOfPage\":{\"@id\":\"https:\/\/www.motivait.net\/es\/contacto\/#primaryimage\"},\"image\":{\"@id\":\"https:\/\/www.motivait.net\/es\/contacto\/#primaryimage\"},\"thumbnailUrl\":\"https:\/\/www.motivait.net\/wp-content\/uploads\/2022\/09\/motivait-snippet.jpg\",\"datePublished\":\"2022-09-02T11:24:24+00:00\",\"dateModified\":\"2024-04-08T09:47:23+00:00\",\"description\":\"\u00bfQuieres saber m\u00e1s? Ponte en contacto con nosotros por el medio que mejor te venga.\",\"breadcrumb\":{\"@id\":\"https:\/\/www.motivait.net\/es\/contacto\/#breadcrumb\"},\"inLanguage\":\"es\",\"potentialAction\":[{\"@type\":\"ReadAction\",\"target\":[\"https:\/\/www.motivait.net\/es\/contacto\/\"]}]},{\"@type\":\"ImageObject\",\"inLanguage\":\"es\",\"@id\":\"https:\/\/www.motivait.net\/es\/contacto\/#primaryimage\",\"url\":\"https:\/\/www.motivait.net\/wp-content\/uploads\/2022\/09\/motivait-snippet.jpg\",\"contentUrl\":\"https:\/\/www.motivait.net\/wp-content\/uploads\/2022\/09\/motivait-snippet.jpg\",\"width\":1440,\"height\":900},{\"@type\":\"BreadcrumbList\",\"@id\":\"https:\/\/www.motivait.net\/es\/contacto\/#breadcrumb\",\"itemListElement\":[{\"@type\":\"ListItem\",\"position\":1,\"name\":\"Home\",\"item\":\"https:\/\/www.motivait.net\/es\/\"},{\"@type\":\"ListItem\",\"position\":2,\"name\":\"Contacto\"}]},{\"@type\":\"WebSite\",\"@id\":\"https:\/\/www.motivait.net\/#website\",\"url\":\"https:\/\/www.motivait.net\/\",\"name\":\"MOTIVAIT\",\"description\":\"An innovative it services company with a mission to enhance engagement &lt;br&gt; We design and deliver effective solutions that generate and encourage behaviours, establishing positive emotional bonds between people and organizations, employees and their work, customers and brands, students and their subjects, citizens and communities, and much more. We use fresh approaches that achieve tangible benefits and outcomes by increasing the motivation, participation &amp; commitment of both individuals and teams.\",\"potentialAction\":[{\"@type\":\"SearchAction\",\"target\":{\"@type\":\"EntryPoint\",\"urlTemplate\":\"https:\/\/www.motivait.net\/?s={search_term_string}\"},\"query-input\":\"required name=search_term_string\"}],\"inLanguage\":\"es\"}]}<\/script>\n<!-- \/ Yoast SEO plugin. -->","yoast_head_json":{"title":"MOTIVAIT | Contacto | Inspiring Engagement","description":"\u00bfQuieres saber m\u00e1s? Ponte en contacto con nosotros por el medio que mejor te venga.","robots":{"index":"index","follow":"follow","max-snippet":"max-snippet:-1","max-image-preview":"max-image-preview:large","max-video-preview":"max-video-preview:-1"},"canonical":"https:\/\/www.motivait.net\/es\/contacto\/","og_locale":"es_ES","og_type":"article","og_title":"MOTIVAIT | Contacto | Inspiring Engagement","og_description":"\u00bfQuieres saber m\u00e1s? Ponte en contacto con nosotros por el medio que mejor te venga.","og_url":"https:\/\/www.motivait.net\/es\/contacto\/","og_site_name":"MOTIVAIT","article_modified_time":"2024-04-08T09:47:23+00:00","og_image":[{"width":1440,"height":900,"url":"https:\/\/www.motivait.net\/wp-content\/uploads\/2022\/09\/motivait-snippet.jpg","type":"image\/jpeg"}],"twitter_card":"summary_large_image","twitter_site":"@MotivaitHolding","twitter_misc":{"Tiempo de lectura":"10 minutos"},"schema":{"@context":"https:\/\/schema.org","@graph":[{"@type":"WebPage","@id":"https:\/\/www.motivait.net\/es\/contacto\/","url":"https:\/\/www.motivait.net\/es\/contacto\/","name":"MOTIVAIT | Contacto | Inspiring Engagement","isPartOf":{"@id":"https:\/\/www.motivait.net\/#website"},"primaryImageOfPage":{"@id":"https:\/\/www.motivait.net\/es\/contacto\/#primaryimage"},"image":{"@id":"https:\/\/www.motivait.net\/es\/contacto\/#primaryimage"},"thumbnailUrl":"https:\/\/www.motivait.net\/wp-content\/uploads\/2022\/09\/motivait-snippet.jpg","datePublished":"2022-09-02T11:24:24+00:00","dateModified":"2024-04-08T09:47:23+00:00","description":"\u00bfQuieres saber m\u00e1s? Ponte en contacto con nosotros por el medio que mejor te venga.","breadcrumb":{"@id":"https:\/\/www.motivait.net\/es\/contacto\/#breadcrumb"},"inLanguage":"es","potentialAction":[{"@type":"ReadAction","target":["https:\/\/www.motivait.net\/es\/contacto\/"]}]},{"@type":"ImageObject","inLanguage":"es","@id":"https:\/\/www.motivait.net\/es\/contacto\/#primaryimage","url":"https:\/\/www.motivait.net\/wp-content\/uploads\/2022\/09\/motivait-snippet.jpg","contentUrl":"https:\/\/www.motivait.net\/wp-content\/uploads\/2022\/09\/motivait-snippet.jpg","width":1440,"height":900},{"@type":"BreadcrumbList","@id":"https:\/\/www.motivait.net\/es\/contacto\/#breadcrumb","itemListElement":[{"@type":"ListItem","position":1,"name":"Home","item":"https:\/\/www.motivait.net\/es\/"},{"@type":"ListItem","position":2,"name":"Contacto"}]},{"@type":"WebSite","@id":"https:\/\/www.motivait.net\/#website","url":"https:\/\/www.motivait.net\/","name":"MOTIVAIT","description":"An innovative it services company with a mission to enhance engagement &lt;br&gt; We design and deliver effective solutions that generate and encourage behaviours, establishing positive emotional bonds between people and organizations, employees and their work, customers and brands, students and their subjects, citizens and communities, and much more. We use fresh approaches that achieve tangible benefits and outcomes by increasing the motivation, participation &amp; commitment of both individuals and teams.","potentialAction":[{"@type":"SearchAction","target":{"@type":"EntryPoint","urlTemplate":"https:\/\/www.motivait.net\/?s={search_term_string}"},"query-input":"required name=search_term_string"}],"inLanguage":"es"}]}},"_links":{"self":[{"href":"https:\/\/www.motivait.net\/es\/wp-json\/wp\/v2\/pages\/17097","targetHints":{"allow":["GET"]}}],"collection":[{"href":"https:\/\/www.motivait.net\/es\/wp-json\/wp\/v2\/pages"}],"about":[{"href":"https:\/\/www.motivait.net\/es\/wp-json\/wp\/v2\/types\/page"}],"author":[{"embeddable":true,"href":"https:\/\/www.motivait.net\/es\/wp-json\/wp\/v2\/users\/15"}],"replies":[{"embeddable":true,"href":"https:\/\/www.motivait.net\/es\/wp-json\/wp\/v2\/comments?post=17097"}],"version-history":[{"count":13,"href":"https:\/\/www.motivait.net\/es\/wp-json\/wp\/v2\/pages\/17097\/revisions"}],"predecessor-version":[{"id":21662,"href":"https:\/\/www.motivait.net\/es\/wp-json\/wp\/v2\/pages\/17097\/revisions\/21662"}],"wp:featuredmedia":[{"embeddable":true,"href":"https:\/\/www.motivait.net\/es\/wp-json\/wp\/v2\/media\/17319"}],"wp:attachment":[{"href":"https:\/\/www.motivait.net\/es\/wp-json\/wp\/v2\/media?parent=17097"}],"wp:term":[{"taxonomy":"post_tag","embeddable":true,"href":"https:\/\/www.motivait.net\/es\/wp-json\/wp\/v2\/tags?post=17097"}],"curies":[{"name":"wp","href":"https:\/\/api.w.org\/{rel}","templated":true}]}}