{"id":14284,"date":"2021-06-08T09:49:54","date_gmt":"2021-06-08T08:49:54","guid":{"rendered":"https:\/\/www.motivait.net\/?page_id=14284"},"modified":"2022-09-06T14:07:13","modified_gmt":"2022-09-06T13:07:13","slug":"employee-engagement-picture-the-impact","status":"publish","type":"page","link":"https:\/\/www.motivait.net\/es\/employee-engagement-picture-the-impact\/","title":{"rendered":"Engagement de empleados: imagina el impacto"},"content":{"rendered":"<\/div><\/div><\/div><!-- close content main div --><\/div><\/div><div id='av_section_1' class='avia-section main_color avia-section-default avia-no-border-styling avia-bg-style-scroll   container_wrap sidebar_right' style = 'background-image: '  ><div class='container' ><div class='template-page content  av-content-small alpha units'><div class='post-entry post-entry-type-page post-entry-14284'><div class='entry-content-wrapper clearfix'>\n<div style='padding-bottom:10px; ' class='av-special-heading av-special-heading-h1  blockquote modern-quote modern-centered  '><h1 class='av-special-heading-tag  av-small-font-size-overwrite av-small-font-size-28 av-mini-font-size-overwrite av-mini-font-size-28'  itemprop=\"headline\"  >Engagement de empleados: imagina el impacto<\/h1><div class='special-heading-border'><div class='special-heading-inner-border' ><\/div><\/div><\/div>\n<div class=\"flex_column av_one_fifth  flex_column_div av-zero-column-padding first  \" style='border-radius:0px; '><\/div><div class=\"flex_column av_three_fifth  flex_column_div av-zero-column-padding   \" style='border-radius:0px; '><section class=\"av_textblock_section \"  itemscope=\"itemscope\" itemtype=\"https:\/\/schema.org\/CreativeWork\" ><div class='avia_textblock  av_inherit_color '   itemprop=\"text\" ><p style=\"text-align: center;\">Pincha mientras mueves el rat\u00f3n para explorar en diferentes escenarios c\u00f3mo se pueden dise\u00f1ar y desarrollar distintas soluciones de engagement digital para ayudar a mejorar las experiencias diarias de los empleados. Descubre planteamientos innovadores para impulsar la participaci\u00f3n, la motivaci\u00f3n, la colaboraci\u00f3n, la accesibilidad y el rendimiento en procesos y pr\u00e1cticas comunes. Una excelente forma de mejorar c\u00f3mo se sienten los empleados en su trabajo y organizaci\u00f3n, con el fin de conseguir un compromiso sincero.<\/p>\n<\/div><\/section><\/div><div class=\"flex_column av_one_fifth  flex_column_div av-zero-column-padding   \" style='border-radius:0px; '><\/div>\n<\/div><\/div><\/div><!-- close content main div --><\/div><\/div><div id='after_section_1' class='main_color av_default_container_wrap container_wrap sidebar_right'   ><div class='container' ><div class='template-page content  av-content-small alpha units'><div class='post-entry post-entry-type-page post-entry-14284'><div class='entry-content-wrapper clearfix'>\n<\/div><\/div><\/div><!-- close content main div --><\/div><\/div><div id='av_section_2' class='avia-section main_color avia-section-default avia-no-border-styling av-section-color-overlay-active avia-bg-style-scroll   container_wrap sidebar_right' style = 'background-color: #f9f9f9; background-image: '  ><div class='av-section-color-overlay-wrap'><div class='av-section-color-overlay' style='opacity: 0.3; '><\/div><div class='container' ><div class='template-page content  av-content-small alpha units'><div class='post-entry post-entry-type-page post-entry-14284'><div class='entry-content-wrapper clearfix'>\n<div class=\"flex_column av_one_full  flex_column_div av-zero-column-padding first  \" style='border-radius:0px; '><section class=\"av_textblock_section \"  itemscope=\"itemscope\" itemtype=\"https:\/\/schema.org\/CreativeWork\" ><div class='avia_textblock  av_inherit_color '   itemprop=\"text\" ><div class=\"container\" style=\"position: relative; height: 700px; overflow: hidden; width: 100%;\">\n<p><iframe class=\"responsive-iframe lazyload\" style=\"position: absolute; top: 0; left: 0; bottom: 0; right: 0; width: 100%; height: 100%;\" data-src=\"https:\/\/www.motivait.net\/engagementimpact\/index_es.htm?v=5\" frameborder=\"0\" allowfullscreen=\"allowfullscreen\" src=\"data:image\/gif;base64,R0lGODlhAQABAAAAACH5BAEKAAEALAAAAAABAAEAAAICTAEAOw==\" data-load-mode=\"1\"><\/iframe><\/p>\n<\/div>\n<\/div><\/section><\/div>\n<\/div><\/div><\/div><!-- close content main div --><\/div><\/div><\/div><div id='after_section_2' class='main_color av_default_container_wrap container_wrap sidebar_right'   ><div class='container' ><div class='template-page content  av-content-small alpha units'><div class='post-entry post-entry-type-page post-entry-14284'><div class='entry-content-wrapper clearfix'>\n<\/div><\/div><\/div><!-- close content main div --><\/div><\/div><div id='av_section_3' class='avia-section alternate_color avia-section-default avia-no-border-styling avia-bg-style-scroll   container_wrap sidebar_right' style = 'background-image: '  ><div class='container' ><div class='template-page content  av-content-small alpha units'><div class='post-entry post-entry-type-page post-entry-14284'><div class='entry-content-wrapper clearfix'>\n<div class=\"flex_column av_one_fifth  flex_column_div av-zero-column-padding first  \" style='border-radius:0px; '><\/div><div class=\"flex_column av_three_fifth  flex_column_div av-zero-column-padding   \" style='border-radius:0px; '><p><div style='padding-bottom:10px; ' class='av-special-heading av-special-heading-h2  blockquote modern-quote modern-centered  '><h2 class='av-special-heading-tag  av-small-font-size-overwrite av-small-font-size-28 av-mini-font-size-overwrite av-mini-font-size-28'  itemprop=\"headline\"  >\u00bfLe gustar\u00eda mejorar el compromiso de los empleados en su organizaci\u00f3n?<\/h2><div class='special-heading-border'><div class='special-heading-inner-border' ><\/div><\/div><\/div><br \/>\n<section class=\"av_textblock_section \"  itemscope=\"itemscope\" itemtype=\"https:\/\/schema.org\/CreativeWork\" ><div class='avia_textblock  av_inherit_color '   itemprop=\"text\" ><p style=\"text-align: center;\">Dale alas al potencial de tu equipo con soluciones atractivas e intuitivas adaptadas a las culturas, necesidades y objetivos de tu organizaci\u00f3n.<\/p>\n<\/div><\/section><\/p><\/div><div class=\"flex_column av_one_fifth  flex_column_div av-zero-column-padding   \" style='border-radius:0px; '><\/div>\n<\/div><\/div><\/div><!-- close content main div --><\/div><\/div><div id='after_section_3' class='main_color av_default_container_wrap container_wrap sidebar_right'   ><div class='container' ><div class='template-page content  av-content-small alpha units'><div class='post-entry post-entry-type-page post-entry-14284'><div class='entry-content-wrapper clearfix'>\n<\/div><\/div><\/div><!-- close content main div --><\/div><\/div><div id='av_section_4' class='avia-section main_color avia-section-default avia-no-border-styling avia-bg-style-scroll   container_wrap sidebar_right' style = 'background-image: '  ><div class='container' ><div class='template-page content  av-content-small alpha units'><div class='post-entry post-entry-type-page post-entry-14284'><div class='entry-content-wrapper clearfix'>\n<div style='padding-bottom:70px; ' class='av-special-heading av-special-heading-h3  blockquote modern-quote modern-centered  '><h3 class='av-special-heading-tag  av-small-font-size-overwrite av-small-font-size-28 av-mini-font-size-overwrite av-mini-font-size-28'  itemprop=\"headline\"  >\u00bfHablamos?<\/h3><div class='special-heading-border'><div class='special-heading-inner-border' ><\/div><\/div><\/div>\n<div class=\"flex_column av_one_fifth  flex_column_div av-zero-column-padding first  \" style='border-radius:0px; '><\/div><div class=\"flex_column av_three_fifth  flex_column_div av-zero-column-padding   \" style='border-radius:0px; '><form action=\"https:\/\/www.motivait.net\/es\/employee-engagement-picture-the-impact\/\" method=\"post\"  class=\"avia_ajax_form av-form-labels-visible    \" data-avia-form-id=\"1\" data-avia-redirect=''><fieldset><p class=' first_form  form_element form_element_half' id='element_avia_1_1'><label for=\"avia_1_1\">Si, trabajo en<\/label> <select  name=\"avia_1_1\" class=\"select \" id=\"avia_1_1\"><option  value ='Marketing'>Marketing<\/option><option  value ='HR'>HR<\/option><option  value ='Management'>Management<\/option><option  value ='Finance'>Finance<\/option><option  value ='Sales'>Sales<\/option><option  value ='Customer Services'>Customer Services<\/option><option  value ='Education'>Education<\/option><option  value ='NGO'>NGO<\/option><option  value ='Communication'>Communication<\/option><option  value ='IT and Systems'>IT and Systems<\/option><option  value ='Public Services'>Public Services<\/option><option  value ='Health'>Health<\/option><option  value ='Other'>Other<\/option><\/select><\/p><p class=' form_element form_element_half' id='element_avia_2_1'><label for=\"avia_2_1\">busco ayuda para<\/label> <select  name=\"avia_2_1\" class=\"select \" id=\"avia_2_1\"><option  value ='customer loyalty'>customer loyalty<\/option><option  value ='customer engagement'>customer engagement<\/option><option  value ='employee engagement'>employee engagement<\/option><option  value ='learning &amp; development'>learning &amp; development<\/option><option  value ='alumni engagement'>alumni engagement<\/option><option  value ='community engagement'>community engagement<\/option><option  value ='engaging volunteers'>engaging volunteers<\/option><option  value ='other'>other<\/option><\/select><\/p><p class=' first_form  form_element form_element_half' id='element_avia_3_1'><label for=\"avia_3_1\">Me llamo <abbr class=\"required\" title=\"required\">*<\/abbr><\/label> <input name=\"avia_3_1\" class=\"text_input is_empty\" type=\"text\" id=\"avia_3_1\" value=\"\" \/><\/p><p class=' form_element form_element_half' id='element_avia_4_1'><label for=\"avia_4_1\">Y puedes contactar conmigo en <abbr class=\"required\" title=\"required\">*<\/abbr><\/label> <input name=\"avia_4_1\" class=\"text_input is_email\" type=\"text\" id=\"avia_4_1\" value=\"\" \/><\/p><div id='avia_5_1' class='av-form-text'><p>\n<em style=\"font-size: 12px;\">According to the new data protection legislation (General Data Protection Regulation (EU) 2016\/679) we inform you that we will always collect your data with your consent and only to answer your query and that we will save your data for a maximum of six months unless you become a customer. We also inform you that you can exercise your rights of access, rectification, deletion, limitation and portability at dpo@motivait.net For more information, please consult our privacy policy.<\/em><\/p>\n<\/div><p class=' first_form  form_element form_fullwidth' id='element_avia_6_1'>    <input  name=\"avia_6_1\" class=\"input_checkbox \" type=\"checkbox\" id=\"avia_6_1\" value=\"true\"\/><label class=\"input_checkbox_label\" for=\"avia_6_1\">\u00a1Quiero suscribirme al newsletter de Motivait!<\/label><\/p><p class=' first_form  form_element form_fullwidth av-last-visible-form-element' id='element_avia_7_1'>    <input  name=\"avia_7_1\" class=\"input_checkbox is_empty\" type=\"checkbox\" id=\"avia_7_1\" value=\"true\"\/><label class=\"input_checkbox_label\" for=\"avia_7_1\">Estoy de acuerdo con la <a href=\"http:\/\/www.motivait.net\/privacy-policy\/\">Pol\u00edtica de Privacidad de Motivait <\/a> y acepto el uso de mis datos para responder a mi consulta.  <abbr class=\"required\" title=\"required\">*<\/abbr><\/label><\/p><p class=\"hidden\"><input type=\"text\" name=\"avia_8_1\" class=\"hidden \" id=\"avia_8_1\" value=\"\" \/><\/p><p class=\"form_element \"><input type=\"hidden\" value=\"1\" name=\"avia_generated_form1\" \/><input type=\"submit\" value=\"Enviar\" class=\"button\"  data-sending-label=\"Enviando\"\/><\/p><\/fieldset><\/form><div id=\"ajaxresponse_1\" class=\"ajaxresponse ajaxresponse_1 hidden\"><\/div><\/div><div class=\"flex_column av_one_fifth  flex_column_div av-zero-column-padding   \" style='border-radius:0px; '><\/div>\n<\/div><\/div><\/div><!-- close content main div --><\/div><\/div><div id='after_section_4' class='main_color av_default_container_wrap container_wrap sidebar_right'   ><div class='container' ><div class='template-page content  av-content-small alpha units'><div class='post-entry post-entry-type-page post-entry-14284'><div class='entry-content-wrapper clearfix'>\n","protected":false},"excerpt":{"rendered":"","protected":false},"author":15,"featured_media":14366,"parent":0,"menu_order":0,"comment_status":"closed","ping_status":"closed","template":"","meta":{"inline_featured_image":false,"footnotes":""},"tags":[],"class_list":["post-14284","page","type-page","status-publish","has-post-thumbnail","hentry"],"yoast_head":"<!-- This site is optimized with the Yoast SEO plugin v22.5 - https:\/\/yoast.com\/wordpress\/plugins\/seo\/ -->\n<title>Engagement de empleados: imagina el impacto - MOTIVAIT<\/title>\n<meta name=\"description\" content=\"Explora las diferentes escenas del mapa y descubre c\u00f3mo se pueden dise\u00f1ar y desarrollar diferentes soluciones de engagement de empleados.\" \/>\n<meta name=\"robots\" content=\"index, follow, max-snippet:-1, max-image-preview:large, max-video-preview:-1\" \/>\n<link rel=\"canonical\" href=\"https:\/\/www.motivait.net\/es\/employee-engagement-picture-the-impact\/\" \/>\n<meta property=\"og:locale\" content=\"es_ES\" \/>\n<meta property=\"og:type\" content=\"article\" \/>\n<meta property=\"og:title\" content=\"MOTIVAIT | Employee Engagement: Picture the Impact\" \/>\n<meta property=\"og:description\" content=\"Discover innovative approaches to boost participation, motivation, collaboration, accessibility, and performance across common processes and practices. Improving how employees feel about their work and organisation, to create more engaged individuals.\" \/>\n<meta property=\"og:url\" content=\"https:\/\/www.motivait.net\/es\/employee-engagement-picture-the-impact\/\" \/>\n<meta property=\"og:site_name\" content=\"MOTIVAIT\" \/>\n<meta property=\"article:modified_time\" content=\"2022-09-06T13:07:13+00:00\" \/>\n<meta property=\"og:image\" content=\"https:\/\/www.motivait.net\/wp-content\/uploads\/2021\/06\/Linkedin-map.png\" \/>\n\t<meta property=\"og:image:width\" content=\"1091\" \/>\n\t<meta property=\"og:image:height\" content=\"628\" \/>\n\t<meta property=\"og:image:type\" content=\"image\/png\" \/>\n<meta name=\"twitter:card\" content=\"summary_large_image\" \/>\n<meta name=\"twitter:title\" content=\"MOTIVAIT | Employee Engagement: Picture the Impact\" \/>\n<meta name=\"twitter:description\" content=\"Discover innovative approaches to boost participation, motivation, collaboration, accessibility, and performance across common processes and practices. Improving how employees feel about their work and organisation, to create more engaged individuals.\" \/>\n<meta name=\"twitter:site\" content=\"@MotivaitHolding\" \/>\n<meta name=\"twitter:label1\" content=\"Tiempo de lectura\" \/>\n\t<meta name=\"twitter:data1\" content=\"4 minutos\" \/>\n<script type=\"application\/ld+json\" class=\"yoast-schema-graph\">{\"@context\":\"https:\/\/schema.org\",\"@graph\":[{\"@type\":\"WebPage\",\"@id\":\"https:\/\/www.motivait.net\/es\/employee-engagement-picture-the-impact\/\",\"url\":\"https:\/\/www.motivait.net\/es\/employee-engagement-picture-the-impact\/\",\"name\":\"Engagement de empleados: imagina el impacto - MOTIVAIT\",\"isPartOf\":{\"@id\":\"https:\/\/www.motivait.net\/#website\"},\"primaryImageOfPage\":{\"@id\":\"https:\/\/www.motivait.net\/es\/employee-engagement-picture-the-impact\/#primaryimage\"},\"image\":{\"@id\":\"https:\/\/www.motivait.net\/es\/employee-engagement-picture-the-impact\/#primaryimage\"},\"thumbnailUrl\":\"https:\/\/www.motivait.net\/wp-content\/uploads\/2021\/06\/Linkedin-map.png\",\"datePublished\":\"2021-06-08T08:49:54+00:00\",\"dateModified\":\"2022-09-06T13:07:13+00:00\",\"description\":\"Explora las diferentes escenas del mapa y descubre c\u00f3mo se pueden dise\u00f1ar y desarrollar diferentes soluciones de engagement de empleados.\",\"breadcrumb\":{\"@id\":\"https:\/\/www.motivait.net\/es\/employee-engagement-picture-the-impact\/#breadcrumb\"},\"inLanguage\":\"es\",\"potentialAction\":[{\"@type\":\"ReadAction\",\"target\":[\"https:\/\/www.motivait.net\/es\/employee-engagement-picture-the-impact\/\"]}]},{\"@type\":\"ImageObject\",\"inLanguage\":\"es\",\"@id\":\"https:\/\/www.motivait.net\/es\/employee-engagement-picture-the-impact\/#primaryimage\",\"url\":\"https:\/\/www.motivait.net\/wp-content\/uploads\/2021\/06\/Linkedin-map.png\",\"contentUrl\":\"https:\/\/www.motivait.net\/wp-content\/uploads\/2021\/06\/Linkedin-map.png\",\"width\":1091,\"height\":628},{\"@type\":\"BreadcrumbList\",\"@id\":\"https:\/\/www.motivait.net\/es\/employee-engagement-picture-the-impact\/#breadcrumb\",\"itemListElement\":[{\"@type\":\"ListItem\",\"position\":1,\"name\":\"Home\",\"item\":\"https:\/\/www.motivait.net\/es\/\"},{\"@type\":\"ListItem\",\"position\":2,\"name\":\"Engagement de empleados: imagina el impacto\"}]},{\"@type\":\"WebSite\",\"@id\":\"https:\/\/www.motivait.net\/#website\",\"url\":\"https:\/\/www.motivait.net\/\",\"name\":\"MOTIVAIT\",\"description\":\"An innovative it services company with a mission to enhance engagement &lt;br&gt; We design and deliver effective solutions that generate and encourage behaviours, establishing positive emotional bonds between people and organizations, employees and their work, customers and brands, students and their subjects, citizens and communities, and much more. We use fresh approaches that achieve tangible benefits and outcomes by increasing the motivation, participation &amp; commitment of both individuals and teams.\",\"potentialAction\":[{\"@type\":\"SearchAction\",\"target\":{\"@type\":\"EntryPoint\",\"urlTemplate\":\"https:\/\/www.motivait.net\/?s={search_term_string}\"},\"query-input\":\"required name=search_term_string\"}],\"inLanguage\":\"es\"}]}<\/script>\n<!-- \/ Yoast SEO plugin. -->","yoast_head_json":{"title":"Engagement de empleados: imagina el impacto - MOTIVAIT","description":"Explora las diferentes escenas del mapa y descubre c\u00f3mo se pueden dise\u00f1ar y desarrollar diferentes soluciones de engagement de empleados.","robots":{"index":"index","follow":"follow","max-snippet":"max-snippet:-1","max-image-preview":"max-image-preview:large","max-video-preview":"max-video-preview:-1"},"canonical":"https:\/\/www.motivait.net\/es\/employee-engagement-picture-the-impact\/","og_locale":"es_ES","og_type":"article","og_title":"MOTIVAIT | Employee Engagement: Picture the Impact","og_description":"Discover innovative approaches to boost participation, motivation, collaboration, accessibility, and performance across common processes and practices. Improving how employees feel about their work and organisation, to create more engaged individuals.","og_url":"https:\/\/www.motivait.net\/es\/employee-engagement-picture-the-impact\/","og_site_name":"MOTIVAIT","article_modified_time":"2022-09-06T13:07:13+00:00","og_image":[{"width":1091,"height":628,"url":"https:\/\/www.motivait.net\/wp-content\/uploads\/2021\/06\/Linkedin-map.png","type":"image\/png"}],"twitter_card":"summary_large_image","twitter_title":"MOTIVAIT | Employee Engagement: Picture the Impact","twitter_description":"Discover innovative approaches to boost participation, motivation, collaboration, accessibility, and performance across common processes and practices. Improving how employees feel about their work and organisation, to create more engaged individuals.","twitter_site":"@MotivaitHolding","twitter_misc":{"Tiempo de lectura":"4 minutos"},"schema":{"@context":"https:\/\/schema.org","@graph":[{"@type":"WebPage","@id":"https:\/\/www.motivait.net\/es\/employee-engagement-picture-the-impact\/","url":"https:\/\/www.motivait.net\/es\/employee-engagement-picture-the-impact\/","name":"Engagement de empleados: imagina el impacto - MOTIVAIT","isPartOf":{"@id":"https:\/\/www.motivait.net\/#website"},"primaryImageOfPage":{"@id":"https:\/\/www.motivait.net\/es\/employee-engagement-picture-the-impact\/#primaryimage"},"image":{"@id":"https:\/\/www.motivait.net\/es\/employee-engagement-picture-the-impact\/#primaryimage"},"thumbnailUrl":"https:\/\/www.motivait.net\/wp-content\/uploads\/2021\/06\/Linkedin-map.png","datePublished":"2021-06-08T08:49:54+00:00","dateModified":"2022-09-06T13:07:13+00:00","description":"Explora las diferentes escenas del mapa y descubre c\u00f3mo se pueden dise\u00f1ar y desarrollar diferentes soluciones de engagement de empleados.","breadcrumb":{"@id":"https:\/\/www.motivait.net\/es\/employee-engagement-picture-the-impact\/#breadcrumb"},"inLanguage":"es","potentialAction":[{"@type":"ReadAction","target":["https:\/\/www.motivait.net\/es\/employee-engagement-picture-the-impact\/"]}]},{"@type":"ImageObject","inLanguage":"es","@id":"https:\/\/www.motivait.net\/es\/employee-engagement-picture-the-impact\/#primaryimage","url":"https:\/\/www.motivait.net\/wp-content\/uploads\/2021\/06\/Linkedin-map.png","contentUrl":"https:\/\/www.motivait.net\/wp-content\/uploads\/2021\/06\/Linkedin-map.png","width":1091,"height":628},{"@type":"BreadcrumbList","@id":"https:\/\/www.motivait.net\/es\/employee-engagement-picture-the-impact\/#breadcrumb","itemListElement":[{"@type":"ListItem","position":1,"name":"Home","item":"https:\/\/www.motivait.net\/es\/"},{"@type":"ListItem","position":2,"name":"Engagement de empleados: imagina el impacto"}]},{"@type":"WebSite","@id":"https:\/\/www.motivait.net\/#website","url":"https:\/\/www.motivait.net\/","name":"MOTIVAIT","description":"An innovative it services company with a mission to enhance engagement &lt;br&gt; We design and deliver effective solutions that generate and encourage behaviours, establishing positive emotional bonds between people and organizations, employees and their work, customers and brands, students and their subjects, citizens and communities, and much more. We use fresh approaches that achieve tangible benefits and outcomes by increasing the motivation, participation &amp; commitment of both individuals and teams.","potentialAction":[{"@type":"SearchAction","target":{"@type":"EntryPoint","urlTemplate":"https:\/\/www.motivait.net\/?s={search_term_string}"},"query-input":"required name=search_term_string"}],"inLanguage":"es"}]}},"_links":{"self":[{"href":"https:\/\/www.motivait.net\/es\/wp-json\/wp\/v2\/pages\/14284","targetHints":{"allow":["GET"]}}],"collection":[{"href":"https:\/\/www.motivait.net\/es\/wp-json\/wp\/v2\/pages"}],"about":[{"href":"https:\/\/www.motivait.net\/es\/wp-json\/wp\/v2\/types\/page"}],"author":[{"embeddable":true,"href":"https:\/\/www.motivait.net\/es\/wp-json\/wp\/v2\/users\/15"}],"replies":[{"embeddable":true,"href":"https:\/\/www.motivait.net\/es\/wp-json\/wp\/v2\/comments?post=14284"}],"version-history":[{"count":11,"href":"https:\/\/www.motivait.net\/es\/wp-json\/wp\/v2\/pages\/14284\/revisions"}],"predecessor-version":[{"id":17450,"href":"https:\/\/www.motivait.net\/es\/wp-json\/wp\/v2\/pages\/14284\/revisions\/17450"}],"wp:featuredmedia":[{"embeddable":true,"href":"https:\/\/www.motivait.net\/es\/wp-json\/wp\/v2\/media\/14366"}],"wp:attachment":[{"href":"https:\/\/www.motivait.net\/es\/wp-json\/wp\/v2\/media?parent=14284"}],"wp:term":[{"taxonomy":"post_tag","embeddable":true,"href":"https:\/\/www.motivait.net\/es\/wp-json\/wp\/v2\/tags?post=14284"}],"curies":[{"name":"wp","href":"https:\/\/api.w.org\/{rel}","templated":true}]}}